{"id":995,"date":"2025-10-22T19:04:26","date_gmt":"2025-10-22T16:04:26","guid":{"rendered":"https:\/\/pipraveski.ee\/?post_type=product&#038;p=995"},"modified":"2026-04-17T11:32:34","modified_gmt":"2026-04-17T08:32:34","slug":"kashmiri-masala-pasta-kuuslaugu-chutney-pasco-260g","status":"publish","type":"product","link":"https:\/\/pipraveski.ee\/en\/product\/kashmiri-masala-pasta-kuuslaugu-chutney-pasco-260g\/","title":{"rendered":"Kashmiri Masala pasta (garlic chutney), Pasco, 260g"},"content":{"rendered":"<p>Pasco Kashmiri Masala (k\u00fc\u00fcslauguchutney) on maitsev m\u00f5\u00f5dukalt kuum chutney koriandrist, tamarindist, ingverist, k\u00fc\u00fcslaugust ja v\u00fcrtsikast t\u0161illipiprast.<br \/>\nKasuta Kashmiri Masalat (k\u00fc\u00fcslaugut\u0161atnit) kastmena tandooriroogade, pasta tikka, pitsa v\u00f5i dipikastmena naani v\u00f5i pappadumiga.<br \/>\nKoostisosad: Koriander, k\u00fc\u00fcslauk, ingver, t\u0161illi, sool, tamarind, sinep, rapsi\u00f5li, maitseainete segu, s\u00e4ilitusained (E270, E260), happesuse regulaator (E330), v\u00e4rvaine (E129).<br \/>\nSisaldab sinepit.<br \/>\nAllergeenid:V\u00f5ib sisaldada j\u00e4lgi piimast, sojast, munast, sulfititest ja sellerist.<\/p>\n<p>Energia 100g kohta<br \/>\n1385kJ\/ 335 kcal<br \/>\nRasva 29,1g,<br \/>\n&nbsp;millest k\u00fcllastunud rasvu 2,3g<br \/>\nS\u00fcsivesikuid 18,3g,&nbsp;<br \/>\n&nbsp;millest suhkrud&nbsp;1,9 g<br \/>\nValk 5,1g<br \/>\nSool 5,6g<\/p>","protected":false},"excerpt":{"rendered":"<p>Pasco Kashmiri Masala (k\u00fc\u00fcslauguchutney) on maitsev m\u00f5\u00f5dukalt kuum chutney koriandrist, tamarindist, ingverist, k\u00fc\u00fcslaugust ja v\u00fcrtsikast t\u0161illipiprast. Kasuta Kashmiri Masalat (k\u00fc\u00fcslaugut\u0161atnit) kastmena tandooriroogade, pasta tikka, pitsa v\u00f5i dipikastmena naani v\u00f5i pappadumiga. Koostisosad: Koriander, k\u00fc\u00fcslauk, ingver, t\u0161illi, sool, tamarind, sinep, rapsi\u00f5li, maitseainete segu, s\u00e4ilitusained (E270, E260), happesuse regulaator (E330), v\u00e4rvaine (E129). Sisaldab sinepit. Allergeenid:V\u00f5ib sisaldada j\u00e4lgi piimast, [&hellip;]<\/p>\n","protected":false},"featured_media":1025,"template":"","meta":[],"product_brand":[],"product_cat":[317],"product_tag":[],"class_list":{"0":"post-995","1":"product","2":"type-product","3":"status-publish","4":"has-post-thumbnail","6":"product_cat-kastmed-sinepid-tsatnid","8":"first","9":"instock","10":"taxable","11":"shipping-taxable","12":"purchasable","13":"product-type-simple"},"_links":{"self":[{"href":"https:\/\/pipraveski.ee\/en\/wp-json\/wp\/v2\/product\/995","targetHints":{"allow":["GET"]}}],"collection":[{"href":"https:\/\/pipraveski.ee\/en\/wp-json\/wp\/v2\/product"}],"about":[{"href":"https:\/\/pipraveski.ee\/en\/wp-json\/wp\/v2\/types\/product"}],"wp:featuredmedia":[{"embeddable":true,"href":"https:\/\/pipraveski.ee\/en\/wp-json\/wp\/v2\/media\/1025"}],"wp:attachment":[{"href":"https:\/\/pipraveski.ee\/en\/wp-json\/wp\/v2\/media?parent=995"}],"wp:term":[{"taxonomy":"product_brand","embeddable":true,"href":"https:\/\/pipraveski.ee\/en\/wp-json\/wp\/v2\/product_brand?post=995"},{"taxonomy":"product_cat","embeddable":true,"href":"https:\/\/pipraveski.ee\/en\/wp-json\/wp\/v2\/product_cat?post=995"},{"taxonomy":"product_tag","embeddable":true,"href":"https:\/\/pipraveski.ee\/en\/wp-json\/wp\/v2\/product_tag?post=995"}],"curies":[{"name":"wp","href":"https:\/\/api.w.org\/{rel}","templated":true}]}}