{"id":993,"date":"2025-10-22T19:04:26","date_gmt":"2025-10-22T16:04:26","guid":{"rendered":"https:\/\/pipraveski.ee\/?post_type=product&#038;p=993"},"modified":"2026-04-17T11:32:52","modified_gmt":"2026-04-17T08:32:52","slug":"wasabi-pasta-43g","status":"publish","type":"product","link":"https:\/\/pipraveski.ee\/en\/product\/wasabi-pasta-43g\/","title":{"rendered":"Wasabi pasta, 43g"},"content":{"rendered":"<p>Koostisained:&nbsp;M\u00e4dar\u00f5igas (31,7%), niiskuses\u00e4ilitaja: E420, riisiklii\u00f5li, sool, dekstriin, Wasabi Japonica (4,5%), kartulit\u00e4rklis, vesi, l\u00f5hna- ja maitseaine, kurkum, paksendaja: E415, hape: E330, v\u00e4rvus: E133<\/p>\n<p><span style=\"font-size: 13px\">Nutrition information per 100g:<\/span><br style=\"font-size: 13px\" \/><br \/>\n<span style=\"font-size: 13px\">Energiasisaldus 1129 kJ \/ 272 kcal<\/span><br style=\"font-size: 13px\" \/><br \/>\n<span style=\"font-size: 13px\">Rasvad 14g<\/span><br style=\"font-size: 13px\" \/><br \/>\n<span style=\"font-size: 13px\">of which saturated fatty acids 2,7g<\/span><br style=\"font-size: 13px\" \/><br \/>\n<span style=\"font-size: 13px\">S\u00fcsivesikud 46 g<\/span><br style=\"font-size: 13px\" \/><br \/>\n<span style=\"font-size: 13px\">millest suhkrud 3,6 g<\/span><br style=\"font-size: 13px\" \/><br \/>\n<span style=\"font-size: 13px\">Protein 1,6 g<\/span><br style=\"font-size: 13px\" \/><br \/>\n<span style=\"font-size: 13px\">Sool 7,6 g<\/span><\/p>\n<p>Country of origin: Japan<\/p>","protected":false},"excerpt":{"rendered":"<p>Kasutage seda ainulaadse maitse ja teravuse nautimiseks, lisades seda paljudele toitudele, n\u00e4iteks Sashimi ja Sushi sojakastmele, Sobale ja Udonile.<\/p>","protected":false},"featured_media":1022,"template":"","meta":[],"product_brand":[],"product_cat":[308],"product_tag":[],"class_list":{"0":"post-993","1":"product","2":"type-product","3":"status-publish","4":"has-post-thumbnail","6":"product_cat-maitseaine-pastad-kastmed","8":"first","9":"outofstock","10":"taxable","11":"shipping-taxable","12":"purchasable","13":"product-type-simple"},"_links":{"self":[{"href":"https:\/\/pipraveski.ee\/en\/wp-json\/wp\/v2\/product\/993","targetHints":{"allow":["GET"]}}],"collection":[{"href":"https:\/\/pipraveski.ee\/en\/wp-json\/wp\/v2\/product"}],"about":[{"href":"https:\/\/pipraveski.ee\/en\/wp-json\/wp\/v2\/types\/product"}],"wp:featuredmedia":[{"embeddable":true,"href":"https:\/\/pipraveski.ee\/en\/wp-json\/wp\/v2\/media\/1022"}],"wp:attachment":[{"href":"https:\/\/pipraveski.ee\/en\/wp-json\/wp\/v2\/media?parent=993"}],"wp:term":[{"taxonomy":"product_brand","embeddable":true,"href":"https:\/\/pipraveski.ee\/en\/wp-json\/wp\/v2\/product_brand?post=993"},{"taxonomy":"product_cat","embeddable":true,"href":"https:\/\/pipraveski.ee\/en\/wp-json\/wp\/v2\/product_cat?post=993"},{"taxonomy":"product_tag","embeddable":true,"href":"https:\/\/pipraveski.ee\/en\/wp-json\/wp\/v2\/product_tag?post=993"}],"curies":[{"name":"wp","href":"https:\/\/api.w.org\/{rel}","templated":true}]}}