{"id":991,"date":"2025-10-22T19:04:26","date_gmt":"2025-10-22T16:04:26","guid":{"rendered":"https:\/\/pipraveski.ee\/?post_type=product&#038;p=991"},"modified":"2026-04-17T11:31:41","modified_gmt":"2026-04-17T08:31:41","slug":"tsilli-laimi-ja-mee-kaste-thaidancer-150ml","status":"publish","type":"product","link":"https:\/\/pipraveski.ee\/en\/product\/tsilli-laimi-ja-mee-kaste-thaidancer-150ml\/","title":{"rendered":"Chilli, lime and honey sauce, ThaiDancer, 150ml"},"content":{"rendered":"<p>Taip\u00e4rane kaste igale roale.<br \/>\nEriti h\u00e4sti sobib salatitele ja dipi kastmeks.<\/p>\n<p>Koostisosad: suhkur, vesi, laim 25,5%, mesi 5%, modifitseeritud tapioki t\u00e4rklis, roheline t\u0161illi 1,8%, sool, k\u00fc\u00fcslauk, antioks\u00fcdant: askorbiinhape, happesuse regulaator: naatriumtsitraat, kollane t\u0161illi 0,4%, p\u00e4rmiekstrakt, stabilisaator: ksantaankummi.<\/p>\n<p>S\u00e4ilitusaine-, v\u00e4rvaine-, maitsetugevdaja- ja gluteenivaba.<\/p>\n<p>Nutrition information per 100ml:<br \/>\nEnergiasisaldus 920kJ \/ 217kcal<br \/>\nCarbohydrates 54g<br \/>\nmillest suhkrud 50g<br \/>\nFats 0g<br \/>\nof which saturated fatty acids 0g<br \/>\nProtein 0g<br \/>\nFibre 0,5g<br \/>\nSalt 1,9g<\/p>","protected":false},"excerpt":{"rendered":"<p>S\u00e4ilitusaine-, v\u00e4rvaine-, maitsetugevdaja- ja gluteenivaba.<\/p>","protected":false},"featured_media":1020,"template":"","meta":[],"product_brand":[264],"product_cat":[317],"product_tag":[],"class_list":{"0":"post-991","1":"product","2":"type-product","3":"status-publish","4":"has-post-thumbnail","6":"product_brand-thai-dancer","7":"product_cat-kastmed-sinepid-tsatnid","9":"first","10":"outofstock","11":"taxable","12":"shipping-taxable","13":"purchasable","14":"product-type-simple"},"_links":{"self":[{"href":"https:\/\/pipraveski.ee\/en\/wp-json\/wp\/v2\/product\/991","targetHints":{"allow":["GET"]}}],"collection":[{"href":"https:\/\/pipraveski.ee\/en\/wp-json\/wp\/v2\/product"}],"about":[{"href":"https:\/\/pipraveski.ee\/en\/wp-json\/wp\/v2\/types\/product"}],"wp:featuredmedia":[{"embeddable":true,"href":"https:\/\/pipraveski.ee\/en\/wp-json\/wp\/v2\/media\/1020"}],"wp:attachment":[{"href":"https:\/\/pipraveski.ee\/en\/wp-json\/wp\/v2\/media?parent=991"}],"wp:term":[{"taxonomy":"product_brand","embeddable":true,"href":"https:\/\/pipraveski.ee\/en\/wp-json\/wp\/v2\/product_brand?post=991"},{"taxonomy":"product_cat","embeddable":true,"href":"https:\/\/pipraveski.ee\/en\/wp-json\/wp\/v2\/product_cat?post=991"},{"taxonomy":"product_tag","embeddable":true,"href":"https:\/\/pipraveski.ee\/en\/wp-json\/wp\/v2\/product_tag?post=991"}],"curies":[{"name":"wp","href":"https:\/\/api.w.org\/{rel}","templated":true}]}}