{"id":989,"date":"2025-10-22T19:04:26","date_gmt":"2025-10-22T16:04:26","guid":{"rendered":"https:\/\/pipraveski.ee\/?post_type=product&#038;p=989"},"modified":"2026-04-17T11:33:17","modified_gmt":"2026-04-17T08:33:17","slug":"till-250g","status":"publish","type":"product","link":"https:\/\/pipraveski.ee\/en\/product\/till-250g\/","title":{"rendered":"Till, HELA, 250g"},"content":{"rendered":"<p>Dried chopped dill leaves.<\/p>\n<p>Kasutamine: kuivatatud, soolatud ja s\u00fcgavk\u00fclmutatud tilli lisatakse toidule 1-2 min enne keetmise l\u00f5ppu.<br \/>\n<strong>Suuremat pakendit soovides ootame teie e-kirja aadressile myyk@pipraveski.ee<\/strong><\/p>\n<p>&nbsp;<\/p>","protected":false},"excerpt":{"rendered":"<p>Kuivatatud hakitud tillilehed. Kasutamine: kuivatatud, soolatud ja s\u00fcgavk\u00fclmutatud tilli lisatakse toidule 1-2 min enne keetmise l\u00f5ppu. Suuremat pakendit soovides ootame teie e-kirja aadressile myyk@pipraveski.ee &nbsp;<\/p>","protected":false},"featured_media":4284,"template":"","meta":[],"product_brand":[244],"product_cat":[305],"product_tag":[],"class_list":{"0":"post-989","1":"product","2":"type-product","3":"status-publish","4":"has-post-thumbnail","6":"product_brand-hela","7":"product_cat-urdid-kulmkuivatatud-urdid","9":"first","10":"instock","11":"taxable","12":"shipping-taxable","13":"purchasable","14":"product-type-simple"},"_links":{"self":[{"href":"https:\/\/pipraveski.ee\/en\/wp-json\/wp\/v2\/product\/989","targetHints":{"allow":["GET"]}}],"collection":[{"href":"https:\/\/pipraveski.ee\/en\/wp-json\/wp\/v2\/product"}],"about":[{"href":"https:\/\/pipraveski.ee\/en\/wp-json\/wp\/v2\/types\/product"}],"wp:featuredmedia":[{"embeddable":true,"href":"https:\/\/pipraveski.ee\/en\/wp-json\/wp\/v2\/media\/4284"}],"wp:attachment":[{"href":"https:\/\/pipraveski.ee\/en\/wp-json\/wp\/v2\/media?parent=989"}],"wp:term":[{"taxonomy":"product_brand","embeddable":true,"href":"https:\/\/pipraveski.ee\/en\/wp-json\/wp\/v2\/product_brand?post=989"},{"taxonomy":"product_cat","embeddable":true,"href":"https:\/\/pipraveski.ee\/en\/wp-json\/wp\/v2\/product_cat?post=989"},{"taxonomy":"product_tag","embeddable":true,"href":"https:\/\/pipraveski.ee\/en\/wp-json\/wp\/v2\/product_tag?post=989"}],"curies":[{"name":"wp","href":"https:\/\/api.w.org\/{rel}","templated":true}]}}