{"id":985,"date":"2025-10-22T19:04:25","date_gmt":"2025-10-22T16:04:25","guid":{"rendered":"https:\/\/pipraveski.ee\/?post_type=product&#038;p=985"},"modified":"2026-04-17T11:32:44","modified_gmt":"2026-04-17T08:32:44","slug":"hawaii-steak-50g","status":"publish","type":"product","link":"https:\/\/pipraveski.ee\/en\/product\/hawaii-steak-50g\/","title":{"rendered":"Hawaiian steak, HELA, 50g"},"content":{"rendered":"<p>Seasoning salt for barbecue delicacies made from pork, lamb and beef. Also suitable for one-pot meals.<br \/>\nConsumption standard: 15g per 1 kg.<\/p>\n<p>Ingredients: spice and herb mix, cooking salt (45%).<\/p>","protected":false},"excerpt":{"rendered":"<p>V\u00fcrtsisool grillh\u00f5rgutiste valmistamiseks sea-, lamba- ja veiselihast. Sobib ka \u00fchepajatoitudesse. Kulunorm: 15g 1 kg kohta. Koostisosad: v\u00fcrtsi- ja maitsetaimede segu, keedusool( 45%).<\/p>","protected":false},"featured_media":1014,"template":"","meta":[],"product_brand":[244],"product_cat":[307],"product_tag":[],"class_list":{"0":"post-985","1":"product","2":"type-product","3":"status-publish","4":"has-post-thumbnail","6":"product_brand-hela","7":"product_cat-maitseainesegud","9":"first","10":"instock","11":"taxable","12":"shipping-taxable","13":"purchasable","14":"product-type-simple"},"_links":{"self":[{"href":"https:\/\/pipraveski.ee\/en\/wp-json\/wp\/v2\/product\/985","targetHints":{"allow":["GET"]}}],"collection":[{"href":"https:\/\/pipraveski.ee\/en\/wp-json\/wp\/v2\/product"}],"about":[{"href":"https:\/\/pipraveski.ee\/en\/wp-json\/wp\/v2\/types\/product"}],"wp:featuredmedia":[{"embeddable":true,"href":"https:\/\/pipraveski.ee\/en\/wp-json\/wp\/v2\/media\/1014"}],"wp:attachment":[{"href":"https:\/\/pipraveski.ee\/en\/wp-json\/wp\/v2\/media?parent=985"}],"wp:term":[{"taxonomy":"product_brand","embeddable":true,"href":"https:\/\/pipraveski.ee\/en\/wp-json\/wp\/v2\/product_brand?post=985"},{"taxonomy":"product_cat","embeddable":true,"href":"https:\/\/pipraveski.ee\/en\/wp-json\/wp\/v2\/product_cat?post=985"},{"taxonomy":"product_tag","embeddable":true,"href":"https:\/\/pipraveski.ee\/en\/wp-json\/wp\/v2\/product_tag?post=985"}],"curies":[{"name":"wp","href":"https:\/\/api.w.org\/{rel}","templated":true}]}}