{"id":980,"date":"2025-10-22T19:04:25","date_gmt":"2025-10-22T16:04:25","guid":{"rendered":"https:\/\/pipraveski.ee\/?post_type=product&#038;p=980"},"modified":"2026-04-17T11:31:39","modified_gmt":"2026-04-17T08:31:39","slug":"seesamiseemned-mustad-50g","status":"publish","type":"product","link":"https:\/\/pipraveski.ee\/en\/product\/seesamiseemned-mustad-50g\/","title":{"rendered":"Sesame seeds, black, 50g"},"content":{"rendered":"<p>Mustad seesamiseemned &#8211; p\u00e4hklise ja magusa maitsega.<br \/>\nLisa salatitesse, smuutidesse, jogrutile, putrudesse jms.<br \/>\n<span style=\"font-size:14px\"><span style=\"border: 0px;font-weight: 700;margin: 0px;padding: 0px;vertical-align: baseline;font-family: Nunito, sans-serif\">Seesamiseemneid&nbsp;<\/span><span style=\"font-family: Nunito, sans-serif\">kasutatakse k\u00f5ige enam erinevates Aasia k\u00f6\u00f6kides, ennek\u00f5ike aga L\u00e4his-Idas ja Indias. Sisaldab palju magneesiumi, kaltsiumi ja vaske.&nbsp;<\/span><span style=\"border: 0px;font-weight: 700;margin: 0px;padding: 0px;vertical-align: baseline;font-family: Nunito, sans-serif\">Musti seesamiseemneid<\/span><span style=\"font-family: Nunito, sans-serif\">&nbsp;kasutatakse enam just India, Hiina ning Kagu-Aasia k\u00f6\u00f6gis.&nbsp;&nbsp;<br \/>\nSeesamiseemned sisaldavad palju kiudaineid, B-grupi vitamiine, rauda, magneesiumi, tsinki ja kaltsiumi ning oleiinhapet (omega-9), millel on antioks\u00fcdantsed ja p\u00f5letikuvastased omadused.<\/span><\/span><\/p>","protected":false},"excerpt":{"rendered":"<p>Mustad seesamiseemned &#8211; p\u00e4hklise ja magusa maitsega. Lisa salatitesse, smuutidesse, jogrutile, putrudesse jms. Seesamiseemneid&nbsp;kasutatakse k\u00f5ige enam erinevates Aasia k\u00f6\u00f6kides, ennek\u00f5ike aga L\u00e4his-Idas ja Indias. Sisaldab palju magneesiumi, kaltsiumi ja vaske.&nbsp;Musti seesamiseemneid&nbsp;kasutatakse enam just India, Hiina ning Kagu-Aasia k\u00f6\u00f6gis.&nbsp;&nbsp; Seesamiseemned sisaldavad palju kiudaineid, B-grupi vitamiine, rauda, magneesiumi, tsinki ja kaltsiumi ning oleiinhapet (omega-9), millel on antioks\u00fcdantsed [&hellip;]<\/p>\n","protected":false},"featured_media":1008,"template":"","meta":[],"product_brand":[],"product_cat":[321],"product_tag":[],"class_list":{"0":"post-980","1":"product","2":"type-product","3":"status-publish","4":"has-post-thumbnail","6":"product_cat-seemned-marjad-seened-jmt","8":"first","9":"instock","10":"taxable","11":"shipping-taxable","12":"purchasable","13":"product-type-simple"},"_links":{"self":[{"href":"https:\/\/pipraveski.ee\/en\/wp-json\/wp\/v2\/product\/980","targetHints":{"allow":["GET"]}}],"collection":[{"href":"https:\/\/pipraveski.ee\/en\/wp-json\/wp\/v2\/product"}],"about":[{"href":"https:\/\/pipraveski.ee\/en\/wp-json\/wp\/v2\/types\/product"}],"wp:featuredmedia":[{"embeddable":true,"href":"https:\/\/pipraveski.ee\/en\/wp-json\/wp\/v2\/media\/1008"}],"wp:attachment":[{"href":"https:\/\/pipraveski.ee\/en\/wp-json\/wp\/v2\/media?parent=980"}],"wp:term":[{"taxonomy":"product_brand","embeddable":true,"href":"https:\/\/pipraveski.ee\/en\/wp-json\/wp\/v2\/product_brand?post=980"},{"taxonomy":"product_cat","embeddable":true,"href":"https:\/\/pipraveski.ee\/en\/wp-json\/wp\/v2\/product_cat?post=980"},{"taxonomy":"product_tag","embeddable":true,"href":"https:\/\/pipraveski.ee\/en\/wp-json\/wp\/v2\/product_tag?post=980"}],"curies":[{"name":"wp","href":"https:\/\/api.w.org\/{rel}","templated":true}]}}