{"id":979,"date":"2025-10-22T19:04:25","date_gmt":"2025-10-22T16:04:25","guid":{"rendered":"https:\/\/pipraveski.ee\/?post_type=product&#038;p=979"},"modified":"2026-04-17T11:32:32","modified_gmt":"2026-04-17T08:32:32","slug":"riis-basmati-tilda-gluteenivaba-2kg","status":"publish","type":"product","link":"https:\/\/pipraveski.ee\/en\/product\/riis-basmati-tilda-gluteenivaba-2kg\/","title":{"rendered":"Rice, Basmati, Tilda, Gluten Free, 2kg"},"content":{"rendered":"<p><span style=\"font-size:12px\"><span style=\"font-family: Roboto, sans-serif\">See ainulaadne riisit\u00fc\u00fcp on tuntud oma maitsva maitse, \u00f5rna maitse ja pehme tekstuuriga koheva struktuuri poolest. Seda puhast Tilda basmati riisi kasvatatakse ja koristatakse Himaalaja jalamil. Himaalaja selge vesi annab pikateralisele riisile ainulaadse maitse.<\/span><br style=\"font-family: Roboto, sans-serif;font-size: 18px\" \/><br \/>\n<span style=\"font-family: Roboto, sans-serif\">Tilda Basmati riis on kvaliteetne ja sobib ideaalselt k\u00f5ikidesse idamaistesse roogadesse v\u00f5i iga toidukorra lisandiks.<\/span><\/span><\/p>\n<p>\n<span style=\"font-size:14px\"><font><span style=\"font-family: Roboto, sans-serif\"><font>K<\/font><span style=\"font-size:12px\">eskmine toitev\u00e4\u00e4rtus 100g kohta<\/span><\/span><\/font><\/span><br \/>\n<span style=\"font-size:12px\"><font><span style=\"font-family: Roboto, sans-serif\"><font>energiasisaldus 1491 kl \/ 351 kcal,<\/font><br \/>\n<font>Ras<\/font><font>vad<\/font><\/span> <span style=\"font-family: Roboto, sans-serif\">0,8g<br \/>\n&#8211; millest k\u00fcllastunud rasvhapped 0,2g,<\/span><\/font><br style=\"font-family: Roboto, sans-serif;font-size: 18px\" \/><br \/>\n<span style=\"font-family: Roboto, sans-serif\"><span><font>Carbohydrates 77,7g <\/font><br \/>\n<font><font>&#8211; millest suhkrud 0,5g, <\/font><br \/>\n<font><font>kiudained 1,0g, <\/font><br \/>\n<font><font>valgud 7,8g, <\/font><br \/>\n<font>sool 0,03 g<\/font><\/font><\/font><\/font><\/span><\/span><\/span><\/p>","protected":false},"excerpt":{"rendered":"<p>See ainulaadne riisit\u00fc\u00fcp on tuntud oma maitsva maitse, \u00f5rna maitse ja pehme tekstuuriga koheva struktuuri poolest. Seda puhast Tilda basmati riisi kasvatatakse ja koristatakse Himaalaja jalamil. Himaalaja selge vesi annab pikateralisele riisile ainulaadse maitse. Tilda Basmati riis on kvaliteetne ja sobib ideaalselt k\u00f5ikidesse idamaistesse roogadesse v\u00f5i iga toidukorra lisandiks. Keskmine toitev\u00e4\u00e4rtus 100g kohta energiasisaldus 1491 [&hellip;]<\/p>\n","protected":false},"featured_media":1007,"template":"","meta":[],"product_brand":[],"product_cat":[320],"product_tag":[],"class_list":{"0":"post-979","1":"product","2":"type-product","3":"status-publish","4":"has-post-thumbnail","6":"product_cat-riis-nuudlid","8":"first","9":"instock","10":"taxable","11":"shipping-taxable","12":"purchasable","13":"product-type-simple"},"_links":{"self":[{"href":"https:\/\/pipraveski.ee\/en\/wp-json\/wp\/v2\/product\/979","targetHints":{"allow":["GET"]}}],"collection":[{"href":"https:\/\/pipraveski.ee\/en\/wp-json\/wp\/v2\/product"}],"about":[{"href":"https:\/\/pipraveski.ee\/en\/wp-json\/wp\/v2\/types\/product"}],"wp:featuredmedia":[{"embeddable":true,"href":"https:\/\/pipraveski.ee\/en\/wp-json\/wp\/v2\/media\/1007"}],"wp:attachment":[{"href":"https:\/\/pipraveski.ee\/en\/wp-json\/wp\/v2\/media?parent=979"}],"wp:term":[{"taxonomy":"product_brand","embeddable":true,"href":"https:\/\/pipraveski.ee\/en\/wp-json\/wp\/v2\/product_brand?post=979"},{"taxonomy":"product_cat","embeddable":true,"href":"https:\/\/pipraveski.ee\/en\/wp-json\/wp\/v2\/product_cat?post=979"},{"taxonomy":"product_tag","embeddable":true,"href":"https:\/\/pipraveski.ee\/en\/wp-json\/wp\/v2\/product_tag?post=979"}],"curies":[{"name":"wp","href":"https:\/\/api.w.org\/{rel}","templated":true}]}}