{"id":977,"date":"2025-10-22T19:04:25","date_gmt":"2025-10-22T16:04:25","guid":{"rendered":"https:\/\/pipraveski.ee\/?post_type=product&#038;p=977"},"modified":"2026-04-17T11:32:37","modified_gmt":"2026-04-17T08:32:37","slug":"karulauk-30g","status":"publish","type":"product","link":"https:\/\/pipraveski.ee\/en\/product\/karulauk-30g\/","title":{"rendered":"Carrots, HELA, 30g"},"content":{"rendered":"<p><span style=\", sans-serif;font-size: 16px;letter-spacing: 0.2px\">Aromaatnsed lehed sisaldavad ohtralt C vitamiini ja looduslikke \u00f5lisid. Lisage suppidele, kastmetele, salatitele, kohupiimale ja maitsev\u00f5idele.<\/span><br style=\", sans-serif;font-size: 16px;letter-spacing: 0.2px\" \/><br \/>\n<span style=\", sans-serif;font-size: 16px;letter-spacing: 0.2px\">Sobib ka h\u00e4sti kala ja lihatoitude maitsestamiseks.<\/span><\/p>","protected":false},"excerpt":{"rendered":"<p>Aromaatnsed lehed sisaldavad ohtralt C vitamiini ja looduslikke \u00f5lisid. Lisage suppidele, kastmetele, salatitele, kohupiimale ja maitsev\u00f5idele. Sobib ka h\u00e4sti kala ja lihatoitude maitsestamiseks.<\/p>","protected":false},"featured_media":1005,"template":"","meta":[],"product_brand":[244],"product_cat":[305],"product_tag":[],"class_list":{"0":"post-977","1":"product","2":"type-product","3":"status-publish","4":"has-post-thumbnail","6":"product_brand-hela","7":"product_cat-urdid-kulmkuivatatud-urdid","9":"first","10":"instock","11":"sale","12":"taxable","13":"shipping-taxable","14":"purchasable","15":"product-type-simple"},"_links":{"self":[{"href":"https:\/\/pipraveski.ee\/en\/wp-json\/wp\/v2\/product\/977","targetHints":{"allow":["GET"]}}],"collection":[{"href":"https:\/\/pipraveski.ee\/en\/wp-json\/wp\/v2\/product"}],"about":[{"href":"https:\/\/pipraveski.ee\/en\/wp-json\/wp\/v2\/types\/product"}],"wp:featuredmedia":[{"embeddable":true,"href":"https:\/\/pipraveski.ee\/en\/wp-json\/wp\/v2\/media\/1005"}],"wp:attachment":[{"href":"https:\/\/pipraveski.ee\/en\/wp-json\/wp\/v2\/media?parent=977"}],"wp:term":[{"taxonomy":"product_brand","embeddable":true,"href":"https:\/\/pipraveski.ee\/en\/wp-json\/wp\/v2\/product_brand?post=977"},{"taxonomy":"product_cat","embeddable":true,"href":"https:\/\/pipraveski.ee\/en\/wp-json\/wp\/v2\/product_cat?post=977"},{"taxonomy":"product_tag","embeddable":true,"href":"https:\/\/pipraveski.ee\/en\/wp-json\/wp\/v2\/product_tag?post=977"}],"curies":[{"name":"wp","href":"https:\/\/api.w.org\/{rel}","templated":true}]}}