{"id":975,"date":"2025-10-22T19:04:25","date_gmt":"2025-10-22T16:04:25","guid":{"rendered":"https:\/\/pipraveski.ee\/?post_type=product&#038;p=975"},"modified":"2026-05-13T12:45:40","modified_gmt":"2026-05-13T09:45:40","slug":"lihaliim-tg-200g","status":"publish","type":"product","link":"https:\/\/pipraveski.ee\/en\/product\/lihaliim-tg-200g\/","title":{"rendered":"Lihaliim &#8220;TG&#8221;, HELA, 200g"},"content":{"rendered":"<p>For meat and sausage. For bonding different cuts of meat, meat products together, combining new products, i.e. gluing.<\/p>\n<p>Consumption standard: 1-2 g per kg of meat.<br \/>\nUse as soon as possible after opening.<br \/>\nClose the opened package tightly and store in a cool place (&lt;4 C), protected from the sun.<\/p>\n<p>The food should be prepared in 20-30 minutes and left to stand for 4-24 hours.<\/p>\n<p>Ingredients: transglutaminase (TG), maltodextrin.<br \/>\n<strong>Soovides suuremat kogust ootame teie e-kirja aadressile myyk@pipraveski.ee<\/strong><\/p>","protected":false},"excerpt":{"rendered":"<p>Lihale ja vorstile. Erinevate lihat\u00fckkide, lihatoodete omavahel \u00fchte sidumiseks, uute toodete kombineerimiseks e. liimimiseks. Kulunorm: 1-2 g \u00fche kg liha kohta. Peale avamist kasutada v\u00f5imalikult kiiresti. Avatud pakk sulgeda korralikult ja hoida k\u00fclmas (&lt;4 C), p\u00e4ikese eest kaitstuna. Toit tuleks valmis vormida 20-30 minuti jooksul ning j\u00e4tta vormitult seisma 4-24 tunniks. Koostisosad: transglutaminaas (TG), maltodekstriin. [&hellip;]<\/p>\n","protected":false},"featured_media":1003,"template":"","meta":[],"product_brand":[244],"product_cat":[15],"product_tag":[],"class_list":{"0":"post-975","1":"product","2":"type-product","3":"status-publish","4":"has-post-thumbnail","6":"product_brand-hela","7":"product_cat-maaramata","9":"first","10":"outofstock","11":"taxable","12":"shipping-taxable","13":"purchasable","14":"product-type-simple"},"_links":{"self":[{"href":"https:\/\/pipraveski.ee\/en\/wp-json\/wp\/v2\/product\/975","targetHints":{"allow":["GET"]}}],"collection":[{"href":"https:\/\/pipraveski.ee\/en\/wp-json\/wp\/v2\/product"}],"about":[{"href":"https:\/\/pipraveski.ee\/en\/wp-json\/wp\/v2\/types\/product"}],"wp:featuredmedia":[{"embeddable":true,"href":"https:\/\/pipraveski.ee\/en\/wp-json\/wp\/v2\/media\/1003"}],"wp:attachment":[{"href":"https:\/\/pipraveski.ee\/en\/wp-json\/wp\/v2\/media?parent=975"}],"wp:term":[{"taxonomy":"product_brand","embeddable":true,"href":"https:\/\/pipraveski.ee\/en\/wp-json\/wp\/v2\/product_brand?post=975"},{"taxonomy":"product_cat","embeddable":true,"href":"https:\/\/pipraveski.ee\/en\/wp-json\/wp\/v2\/product_cat?post=975"},{"taxonomy":"product_tag","embeddable":true,"href":"https:\/\/pipraveski.ee\/en\/wp-json\/wp\/v2\/product_tag?post=975"}],"curies":[{"name":"wp","href":"https:\/\/api.w.org\/{rel}","templated":true}]}}