{"id":969,"date":"2025-10-22T19:04:25","date_gmt":"2025-10-22T16:04:25","guid":{"rendered":"https:\/\/pipraveski.ee\/?post_type=product&#038;p=969"},"modified":"2026-04-17T11:31:40","modified_gmt":"2026-04-17T08:31:40","slug":"tsillikaunad-pasilla-kuivatatud-75g","status":"publish","type":"product","link":"https:\/\/pipraveski.ee\/en\/product\/tsillikaunad-pasilla-kuivatatud-75g\/","title":{"rendered":"T\u0161illikaunad, Pasilla, kuivatatud, 75g"},"content":{"rendered":"<p>\u200bPasilla t\u0161illi p\u00e4rineb Mehhikost ja selle nimi t\u00e4hendab hispaania keeles \u201cv\u00e4ike rosin\u201d, mis on vihje selle maitseka t\u0161illi s\u00fcgavpruunidele kuivatatud kaunadele ja rosinalaadsele aroomile. Kuivatatud \u0161okolaadipruunid kaunad on rikkalike mahedate marjade ja viinamarjade maitsetega. Nad lisavad oma spetsiifilist maitset suppidele, hautistele ja kastmetele.<br \/>\nLeota terveid kuivatatud Pasilla t\u0161illisid kuumas vees 10 minutit, et reh\u00fcdreerida, seej\u00e4rel l\u00f5ika v\u00f5i p\u00fcreesta ja lisa retseptile, mis k\u00fcpseb v\u00e4hemalt 5 minutit.<\/p>\n<p><strong>Ingredients:<\/strong> Terved kuivatatud pasilla t\u0161illid.<\/p>\n<p><strong>Allergens: <\/strong>ei sisalda allergeene. Sobib taimetoitlastele.<\/p>\n<p><strong>Toitumisalane teave (100g kohta):<\/strong><br \/>\nEnergiasisaldus: 450 kcal\/1762 kJ<br \/>\nRasvad 10 g<br \/>\nof which saturated fatty acids 0 g<br \/>\nS\u00fcsivesikud 67,5g<br \/>\nmillest suhkrud 10g<br \/>\nKiudained 10g<br \/>\nValgud 13,75g<br \/>\nSalt 0 g<\/p>","protected":false},"excerpt":{"rendered":"<p>Kuivatatud \u0161okolaadipruunid kaunad on rikkaliku maheda maitsega marjade ja viinamarjade maitsetega. <\/p>","protected":false},"featured_media":998,"template":"","meta":[],"product_brand":[243],"product_cat":[338],"product_tag":[],"class_list":{"0":"post-969","1":"product","2":"type-product","3":"status-publish","4":"has-post-thumbnail","6":"product_brand-xatze","7":"product_cat-puhtad-maitsed","9":"first","10":"instock","11":"taxable","12":"shipping-taxable","13":"purchasable","14":"product-type-simple"},"_links":{"self":[{"href":"https:\/\/pipraveski.ee\/en\/wp-json\/wp\/v2\/product\/969","targetHints":{"allow":["GET"]}}],"collection":[{"href":"https:\/\/pipraveski.ee\/en\/wp-json\/wp\/v2\/product"}],"about":[{"href":"https:\/\/pipraveski.ee\/en\/wp-json\/wp\/v2\/types\/product"}],"wp:featuredmedia":[{"embeddable":true,"href":"https:\/\/pipraveski.ee\/en\/wp-json\/wp\/v2\/media\/998"}],"wp:attachment":[{"href":"https:\/\/pipraveski.ee\/en\/wp-json\/wp\/v2\/media?parent=969"}],"wp:term":[{"taxonomy":"product_brand","embeddable":true,"href":"https:\/\/pipraveski.ee\/en\/wp-json\/wp\/v2\/product_brand?post=969"},{"taxonomy":"product_cat","embeddable":true,"href":"https:\/\/pipraveski.ee\/en\/wp-json\/wp\/v2\/product_cat?post=969"},{"taxonomy":"product_tag","embeddable":true,"href":"https:\/\/pipraveski.ee\/en\/wp-json\/wp\/v2\/product_tag?post=969"}],"curies":[{"name":"wp","href":"https:\/\/api.w.org\/{rel}","templated":true}]}}