{"id":932,"date":"2025-10-22T19:04:12","date_gmt":"2025-10-22T16:04:12","guid":{"rendered":"https:\/\/pipraveski.ee\/?post_type=product&#038;p=932"},"modified":"2026-04-17T11:32:52","modified_gmt":"2026-04-17T08:32:52","slug":"kaarimise-peataja-parmistopp","status":"publish","type":"product","link":"https:\/\/pipraveski.ee\/en\/product\/kaarimise-peataja-parmistopp\/","title":{"rendered":"Fermentation arrestor\/heir stop"},"content":{"rendered":"<p>Annab v\u00f5imaluse veini magustamiseks peale selginemist.<br \/>\nP\u00e4rmistopp v\u00e4listab veini uuesti k\u00e4\u00e4rima minemise.<br \/>\n<span style=\"font-family: Lato, Arial, Helvetica, sans-serif;font-size: 14px\">Kuni 25 L veinile.<\/span><\/p>","protected":false},"excerpt":{"rendered":"<p>Annab v\u00f5imaluse veini magustamiseks peale selginemist. P\u00e4rmistopp v\u00e4listab veini uuesti k\u00e4\u00e4rima minemise. Kuni 25 L veinile.<\/p>","protected":false},"featured_media":963,"template":"","meta":[],"product_brand":[],"product_cat":[328],"product_tag":[],"class_list":{"0":"post-932","1":"product","2":"type-product","3":"status-publish","4":"has-post-thumbnail","6":"product_cat-veini-ja-olletarvikud","8":"first","9":"instock","10":"taxable","11":"shipping-taxable","12":"purchasable","13":"product-type-simple"},"_links":{"self":[{"href":"https:\/\/pipraveski.ee\/en\/wp-json\/wp\/v2\/product\/932","targetHints":{"allow":["GET"]}}],"collection":[{"href":"https:\/\/pipraveski.ee\/en\/wp-json\/wp\/v2\/product"}],"about":[{"href":"https:\/\/pipraveski.ee\/en\/wp-json\/wp\/v2\/types\/product"}],"wp:featuredmedia":[{"embeddable":true,"href":"https:\/\/pipraveski.ee\/en\/wp-json\/wp\/v2\/media\/963"}],"wp:attachment":[{"href":"https:\/\/pipraveski.ee\/en\/wp-json\/wp\/v2\/media?parent=932"}],"wp:term":[{"taxonomy":"product_brand","embeddable":true,"href":"https:\/\/pipraveski.ee\/en\/wp-json\/wp\/v2\/product_brand?post=932"},{"taxonomy":"product_cat","embeddable":true,"href":"https:\/\/pipraveski.ee\/en\/wp-json\/wp\/v2\/product_cat?post=932"},{"taxonomy":"product_tag","embeddable":true,"href":"https:\/\/pipraveski.ee\/en\/wp-json\/wp\/v2\/product_tag?post=932"}],"curies":[{"name":"wp","href":"https:\/\/api.w.org\/{rel}","templated":true}]}}