{"id":931,"date":"2025-10-22T19:04:12","date_gmt":"2025-10-22T16:04:12","guid":{"rendered":"https:\/\/pipraveski.ee\/?post_type=product&#038;p=931"},"modified":"2026-04-17T11:32:31","modified_gmt":"2026-04-17T08:32:31","slug":"veinivalmistamise-komplekt-retseptpakk","status":"publish","type":"product","link":"https:\/\/pipraveski.ee\/en\/product\/veinivalmistamise-komplekt-retseptpakk\/","title":{"rendered":"Wine making kit (Recipe kit)"},"content":{"rendered":"<p>Pakend sisaldab eraldi pakendatud kotikestes: puhas spetsiaalp\u00e4rm 8g, p\u00e4rmi toitesoolad 10g (toiteaine p\u00e4rmile), pektoens\u00fc\u00fcm 5g (pektolas), k\u00e4\u00e4rimise peataja 10g, selitusaine 15g, selitusaine 10g.<br \/>\nKaasas ka p\u00f5hjalikum juhend veini valmistamiseks.<\/p>\n<p>Veini valmistamiseks l\u00e4heb vaja 25-30 liitrist plastikust k\u00e4\u00e4rimis\u00e4mbrit mida saab \u00f5hukindlalt kaanega sulgeda ja millel on tihendiga auk kuhu saab asetada vesiluku (poolenisti veega t\u00e4idetult).<br \/>\n\u00dcmbervillimiseks ning p\u00f5hjasettest vabanemiseks on vajalik sifoontoru.<br \/>\nH\u00fcdromeetriga m\u00f5\u00f5detakse suhkrusisaldust veinis -mida s\u00fcgavamale langeb, seda v\u00e4hem suhkrut ja rohkem alkoholi.<\/p>","protected":false},"excerpt":{"rendered":"<p>Sisaldab k\u00f5iki vajalikke aineid veini valmistamiseks.<\/p>","protected":false},"featured_media":962,"template":"","meta":[],"product_brand":[],"product_cat":[328],"product_tag":[],"class_list":{"0":"post-931","1":"product","2":"type-product","3":"status-publish","4":"has-post-thumbnail","6":"product_cat-veini-ja-olletarvikud","8":"first","9":"instock","10":"taxable","11":"shipping-taxable","12":"purchasable","13":"product-type-simple"},"_links":{"self":[{"href":"https:\/\/pipraveski.ee\/en\/wp-json\/wp\/v2\/product\/931","targetHints":{"allow":["GET"]}}],"collection":[{"href":"https:\/\/pipraveski.ee\/en\/wp-json\/wp\/v2\/product"}],"about":[{"href":"https:\/\/pipraveski.ee\/en\/wp-json\/wp\/v2\/types\/product"}],"wp:featuredmedia":[{"embeddable":true,"href":"https:\/\/pipraveski.ee\/en\/wp-json\/wp\/v2\/media\/962"}],"wp:attachment":[{"href":"https:\/\/pipraveski.ee\/en\/wp-json\/wp\/v2\/media?parent=931"}],"wp:term":[{"taxonomy":"product_brand","embeddable":true,"href":"https:\/\/pipraveski.ee\/en\/wp-json\/wp\/v2\/product_brand?post=931"},{"taxonomy":"product_cat","embeddable":true,"href":"https:\/\/pipraveski.ee\/en\/wp-json\/wp\/v2\/product_cat?post=931"},{"taxonomy":"product_tag","embeddable":true,"href":"https:\/\/pipraveski.ee\/en\/wp-json\/wp\/v2\/product_tag?post=931"}],"curies":[{"name":"wp","href":"https:\/\/api.w.org\/{rel}","templated":true}]}}