{"id":929,"date":"2025-10-22T19:04:12","date_gmt":"2025-10-22T16:04:12","guid":{"rendered":"https:\/\/pipraveski.ee\/?post_type=product&#038;p=929"},"modified":"2026-04-17T11:32:53","modified_gmt":"2026-04-17T08:32:53","slug":"chipotle-morita-tsillipulber-50g","status":"publish","type":"product","link":"https:\/\/pipraveski.ee\/en\/product\/chipotle-morita-tsillipulber-50g\/","title":{"rendered":"Chipotle Morita chilli powder, 50g"},"content":{"rendered":"<p>Chipotle&#8217;i t\u0161illid on pekanip\u00e4hklipuust suitsutatud punase jalape\u00f1o paprikaga, seet\u00f5ttu on neil meeldiv suitsutatud aroom ja madalam veesisaldus. <span style=\"font-family: Roboto, sans-serif;font-size: 14px\">Nende maitset v\u00f5ib k\u00f5ige paremini kirjeldada suitsuse ja tubakase toonina, millele lisanduvad p\u00e4hkli, sidruni ja praetud peekoni noodid.&nbsp;<\/span>Seda t\u00fc\u00fcpi Chipotle&#8217;i \u00f5ige termin on Chipotle Morita.&nbsp;&nbsp;Neil on jalapenode kerge kuni keskmine kuumus (5 000 &#8211; 10 000 SHU).<br \/>\n<span style=\"font-size:14px\"><span style=\"font-family: Roboto, sans-serif\">Chipotle-t\u0161illipiprad on oluline koostisosa Mehhiko, Hispaania ja L\u00f5una-Ameerika k\u00f6\u00f6gis, sobib ideaalselt barbeque-kastmete, rikkalike hautiste ja grilllihadega.<\/span><\/span><\/p>\n<p><strong>Ingredients:&nbsp;<\/strong>Suitsutatud kuivatatud ja jahvatatud jalape\u00f1o t\u0161illipipar.<br \/>\n&nbsp;<\/p>","protected":false},"excerpt":{"rendered":"<p>Chipotle&#8217;i t\u0161illid on pekanip\u00e4hklipuust suitsutatud punase jalape\u00f1o paprikaga, seet\u00f5ttu on neil meeldiv suitsutatud aroom ja madalam veesisaldus. Nende maitset v\u00f5ib k\u00f5ige paremini kirjeldada suitsuse ja tubakase toonina, millele lisanduvad p\u00e4hkli, sidruni ja praetud peekoni noodid.&nbsp;Seda t\u00fc\u00fcpi Chipotle&#8217;i \u00f5ige termin on Chipotle Morita.&nbsp;&nbsp;Neil on jalapenode kerge kuni keskmine kuumus (5 000 &#8211; 10 000 SHU). Chipotle-t\u0161illipiprad [&hellip;]<\/p>\n","protected":false},"featured_media":959,"template":"","meta":[],"product_brand":[238],"product_cat":[338],"product_tag":[],"class_list":{"0":"post-929","1":"product","2":"type-product","3":"status-publish","4":"has-post-thumbnail","6":"product_brand-chili-food","7":"product_cat-puhtad-maitsed","9":"first","10":"instock","11":"taxable","12":"shipping-taxable","13":"purchasable","14":"product-type-simple"},"_links":{"self":[{"href":"https:\/\/pipraveski.ee\/en\/wp-json\/wp\/v2\/product\/929","targetHints":{"allow":["GET"]}}],"collection":[{"href":"https:\/\/pipraveski.ee\/en\/wp-json\/wp\/v2\/product"}],"about":[{"href":"https:\/\/pipraveski.ee\/en\/wp-json\/wp\/v2\/types\/product"}],"wp:featuredmedia":[{"embeddable":true,"href":"https:\/\/pipraveski.ee\/en\/wp-json\/wp\/v2\/media\/959"}],"wp:attachment":[{"href":"https:\/\/pipraveski.ee\/en\/wp-json\/wp\/v2\/media?parent=929"}],"wp:term":[{"taxonomy":"product_brand","embeddable":true,"href":"https:\/\/pipraveski.ee\/en\/wp-json\/wp\/v2\/product_brand?post=929"},{"taxonomy":"product_cat","embeddable":true,"href":"https:\/\/pipraveski.ee\/en\/wp-json\/wp\/v2\/product_cat?post=929"},{"taxonomy":"product_tag","embeddable":true,"href":"https:\/\/pipraveski.ee\/en\/wp-json\/wp\/v2\/product_tag?post=929"}],"curies":[{"name":"wp","href":"https:\/\/api.w.org\/{rel}","templated":true}]}}