{"id":927,"date":"2025-10-22T19:04:12","date_gmt":"2025-10-22T16:04:12","guid":{"rendered":"https:\/\/pipraveski.ee\/?post_type=product&#038;p=927"},"modified":"2026-04-17T11:33:10","modified_gmt":"2026-04-17T08:33:10","slug":"boba-jook-virsikumaitseline-os-bubble-240ml","status":"publish","type":"product","link":"https:\/\/pipraveski.ee\/en\/product\/boba-jook-virsikumaitseline-os-bubble-240ml\/","title":{"rendered":"Boba drink, Peach flavoured, O's bubble, 240ml"},"content":{"rendered":"<p>Koostisosad:&nbsp;vesi, suhkur, aloe vera viljaliha, popping boba (fruktoosisiirupiga t\u00e4idetud p\u00e4rlid) (vesi, fruktoos, pinguldav aine: E327, tarretusaine: E401, modifitseeritud tapioca t\u00e4rklis, l\u00f5hna- ja maitseaine, happesuse regulaator: E296, paksendaja: E415), Oolong tee , virsikumahl, l\u00f5hna- ja maitseaine, happesuse regulaatorid: E330, E296, E331, pinguldav aine: E327, antioks\u00fcdant: E300. V\u00f5ib sisaldada maap\u00e4hklite, seesamiseemnete, gluteeni sisaldavate teraviljade, piima (sh laktoosi), sojaubade j\u00e4lgi.<\/p>\n<p><span style=\"font-size: 13px\">Nutrition information per 100ml:<\/span><br style=\"font-size: 13px\" \/><br \/>\n<span style=\"font-size: 13px\">Energiasisaldus 153 kJ \/ 36 kcal<\/span><br style=\"font-size: 13px\" \/><br \/>\n<span style=\"font-size: 13px\">Fats 0,0g<\/span><br style=\"font-size: 13px\" \/><br \/>\n<span style=\"font-size: 13px\">of which saturated fatty acids 0g<\/span><br style=\"font-size: 13px\" \/><br \/>\n<span style=\"font-size: 13px\">S\u00fcsivesikud 9,0 g<\/span><br style=\"font-size: 13px\" \/><br \/>\n<span style=\"font-size: 13px\">millest suhkrud 9,0 g<\/span><br style=\"font-size: 13px\" \/><br \/>\n<span style=\"font-size: 13px\">Protein 0 g<\/span><br style=\"font-size: 13px\" \/><br \/>\n<span style=\"font-size: 13px\">Sool 0,05 g<\/span><\/p>\n<p>P\u00e4ritolumaa Taiwan<br \/>\n&nbsp;<\/p>","protected":false},"excerpt":{"rendered":"<p>Koostisosad:&nbsp;vesi, suhkur, aloe vera viljaliha, popping boba (fruktoosisiirupiga t\u00e4idetud p\u00e4rlid) (vesi, fruktoos, pinguldav aine: E327, tarretusaine: E401, modifitseeritud tapioca t\u00e4rklis, l\u00f5hna- ja maitseaine, happesuse regulaator: E296, paksendaja: E415), Oolong tee , virsikumahl, l\u00f5hna- ja maitseaine, happesuse regulaatorid: E330, E296, E331, pinguldav aine: E327, antioks\u00fcdant: E300. V\u00f5ib sisaldada maap\u00e4hklite, seesamiseemnete, gluteeni sisaldavate teraviljade, piima (sh laktoosi), [&hellip;]<\/p>\n","protected":false},"featured_media":957,"template":"","meta":[],"product_brand":[],"product_cat":[326],"product_tag":[],"class_list":{"0":"post-927","1":"product","2":"type-product","3":"status-publish","4":"has-post-thumbnail","6":"product_cat-joogid","8":"first","9":"instock","10":"taxable","11":"shipping-taxable","12":"purchasable","13":"product-type-simple"},"_links":{"self":[{"href":"https:\/\/pipraveski.ee\/en\/wp-json\/wp\/v2\/product\/927","targetHints":{"allow":["GET"]}}],"collection":[{"href":"https:\/\/pipraveski.ee\/en\/wp-json\/wp\/v2\/product"}],"about":[{"href":"https:\/\/pipraveski.ee\/en\/wp-json\/wp\/v2\/types\/product"}],"wp:featuredmedia":[{"embeddable":true,"href":"https:\/\/pipraveski.ee\/en\/wp-json\/wp\/v2\/media\/957"}],"wp:attachment":[{"href":"https:\/\/pipraveski.ee\/en\/wp-json\/wp\/v2\/media?parent=927"}],"wp:term":[{"taxonomy":"product_brand","embeddable":true,"href":"https:\/\/pipraveski.ee\/en\/wp-json\/wp\/v2\/product_brand?post=927"},{"taxonomy":"product_cat","embeddable":true,"href":"https:\/\/pipraveski.ee\/en\/wp-json\/wp\/v2\/product_cat?post=927"},{"taxonomy":"product_tag","embeddable":true,"href":"https:\/\/pipraveski.ee\/en\/wp-json\/wp\/v2\/product_tag?post=927"}],"curies":[{"name":"wp","href":"https:\/\/api.w.org\/{rel}","templated":true}]}}