{"id":926,"date":"2025-10-22T19:04:12","date_gmt":"2025-10-22T16:04:12","guid":{"rendered":"https:\/\/pipraveski.ee\/?post_type=product&#038;p=926"},"modified":"2026-04-17T11:33:14","modified_gmt":"2026-04-17T08:33:14","slug":"kookosvee-jook-golden-turtle-1l","status":"publish","type":"product","link":"https:\/\/pipraveski.ee\/en\/product\/kookosvee-jook-golden-turtle-1l\/","title":{"rendered":"Coconut water drink, Golden Turtle, 1L"},"content":{"rendered":"<p><span style=\"font-size: 13px\">Ingredients: 100% coconut water.<\/span><br style=\"font-size: 13px\" \/><br \/>\n<span style=\"font-size: 13px\">Store in a dry, cool place. Once opened, store in the refrigerator and use within 3 days.<\/span><br style=\"font-size: 13px\" \/><br \/>\n<br style=\"font-size: 13px\" \/><br \/>\n<span style=\"font-size: 13px\">Nutrition information per 100g<\/span><br style=\"font-size: 13px\" \/><br \/>\n<span style=\"font-size: 13px\">Energy content 81kJ \/ 19 kcal<\/span><br style=\"font-size: 13px\" \/><br \/>\n<span style=\"font-size: 13px\">Fat 0g<\/span><br style=\"font-size: 13px\" \/><br \/>\n<span style=\"font-size: 13px\">of which saturated fats 0g<\/span><br style=\"font-size: 13px\" \/><br \/>\n<span style=\"font-size: 13px\">Carbohydrates 4,6 g<\/span><br style=\"font-size: 13px\" \/><br \/>\n<span style=\"font-size: 13px\">of which sugars 3,5 g<\/span><br style=\"font-size: 13px\" \/><br \/>\n<span style=\"font-size: 13px\">Protein 0 g<\/span><br style=\"font-size: 13px\" \/><br \/>\n<span style=\"font-size: 13px\">Salt 0,1 g<\/span><br style=\"font-size: 13px\" \/><br \/>\n<br style=\"font-size: 13px\" \/><br \/>\n<span style=\"font-size: 13px\">Country of origin: Thailand<\/span><\/p>","protected":false},"excerpt":{"rendered":"<p>Koostisosad: 100% kookosvesi. Hoida kuivas, jahedas kohas. Peale avamist hoida k\u00fclmkapis ja tarvitada \u00e4ra 3 p\u00e4eva jooksul. Toitumisalane teave 100g kohta Energiasisaldus 81kJ \/ 19 kcal Rasv 0g millest k\u00fcllastunud rasvu 0g S\u00fcsivesikuid 4,6 g millest suhkrud 3,5 g Valk 0 g Sool 0,1 g P\u00e4ritoluriik: Tai<\/p>","protected":false},"featured_media":956,"template":"","meta":[],"product_brand":[],"product_cat":[326],"product_tag":[],"class_list":{"0":"post-926","1":"product","2":"type-product","3":"status-publish","4":"has-post-thumbnail","6":"product_cat-joogid","8":"first","9":"outofstock","10":"taxable","11":"shipping-taxable","12":"purchasable","13":"product-type-simple"},"_links":{"self":[{"href":"https:\/\/pipraveski.ee\/en\/wp-json\/wp\/v2\/product\/926","targetHints":{"allow":["GET"]}}],"collection":[{"href":"https:\/\/pipraveski.ee\/en\/wp-json\/wp\/v2\/product"}],"about":[{"href":"https:\/\/pipraveski.ee\/en\/wp-json\/wp\/v2\/types\/product"}],"wp:featuredmedia":[{"embeddable":true,"href":"https:\/\/pipraveski.ee\/en\/wp-json\/wp\/v2\/media\/956"}],"wp:attachment":[{"href":"https:\/\/pipraveski.ee\/en\/wp-json\/wp\/v2\/media?parent=926"}],"wp:term":[{"taxonomy":"product_brand","embeddable":true,"href":"https:\/\/pipraveski.ee\/en\/wp-json\/wp\/v2\/product_brand?post=926"},{"taxonomy":"product_cat","embeddable":true,"href":"https:\/\/pipraveski.ee\/en\/wp-json\/wp\/v2\/product_cat?post=926"},{"taxonomy":"product_tag","embeddable":true,"href":"https:\/\/pipraveski.ee\/en\/wp-json\/wp\/v2\/product_tag?post=926"}],"curies":[{"name":"wp","href":"https:\/\/api.w.org\/{rel}","templated":true}]}}