{"id":920,"date":"2025-10-22T19:04:11","date_gmt":"2025-10-22T16:04:11","guid":{"rendered":"https:\/\/pipraveski.ee\/?post_type=product&#038;p=920"},"modified":"2026-04-17T11:33:00","modified_gmt":"2026-04-17T08:33:00","slug":"ouna-jalapeno-kaste-bio-100ml","status":"publish","type":"product","link":"https:\/\/pipraveski.ee\/en\/product\/ouna-jalapeno-kaste-bio-100ml\/","title":{"rendered":"Apple Jalapeno sauce, Organic 100ml"},"content":{"rendered":"<p>Puuviljad kohtuvad t\u0161illipipraga: Apple Jalapeno kuum kaste on ebatavaline, kuid v\u00e4ga tasakaalustatud segu rohelistest jalapenodest, Habanero t\u0161illist, \u00f5unast ja koriandrist. Kui (algselt) Mehhiko t\u0161illisordil Jalapeno umbes 6000 Scoville&#8217;iga on endiselt m\u00f5\u00f5dukas kuumus, siis see kaste saab oma &#8220;l\u00f6\u00f6gi&#8221; Habanero t\u0161illilt, mis teeb sellest 350 000\u2013445 000 Scoville&#8217;i. M\u00f5lemat sorti kasvatab Rootsis Sk\u00e5nsk Chili.<\/p>\n<p>Apple Jalapeno kuum kaste sisaldab rohelist Jalapenot ja Habanerot, aga ka \u00f5una ja koriandrit, muutes selle eriti mahlakaks ja aromaatseks. \u00dcmardatud oivalise maitseainevalikuga on tegemist magushapu kastmega, mida kasutatakse nii laual kui ka k\u00f6\u00f6gis.<\/p>\n<p>\u200bAvatuna hoida k\u00fclmikus.<\/p>\n<p><strong>Ingredients: <\/strong>jalapeno, \u00f5un, \u00f5unamahl, laimimahl, \u00f5una\u00e4\u00e4dikas, habanero t\u0161illi, koriander, spinat, sool, guaarkummi, agar-agar, askorbiinhape.<\/p>\n<p><strong>Nutrition information per 100g:<\/strong><br \/>\nEnergiasisaldus 223KJ\/53kcal<br \/>\nFats 0,1g<br \/>\nof which saturated fatty acids 0g<br \/>\nS\u00fcsivesikud 12,3g<br \/>\nof which sugars 10,5g<br \/>\nValgud 0,6g<br \/>\nSalt 1g<\/p>","protected":false},"excerpt":{"rendered":"<p>Apple Jalapeno kuum kaste sisaldab rohelist Jalapenot ja Habanerot, aga ka \u00f5una ja koriandrit, muutes selle eriti mahlakaks ja aromaatseks. <\/p>","protected":false},"featured_media":950,"template":"","meta":[],"product_brand":[],"product_cat":[317],"product_tag":[],"class_list":{"0":"post-920","1":"product","2":"type-product","3":"status-publish","4":"has-post-thumbnail","6":"product_cat-kastmed-sinepid-tsatnid","8":"first","9":"outofstock","10":"taxable","11":"shipping-taxable","12":"purchasable","13":"product-type-simple"},"_links":{"self":[{"href":"https:\/\/pipraveski.ee\/en\/wp-json\/wp\/v2\/product\/920","targetHints":{"allow":["GET"]}}],"collection":[{"href":"https:\/\/pipraveski.ee\/en\/wp-json\/wp\/v2\/product"}],"about":[{"href":"https:\/\/pipraveski.ee\/en\/wp-json\/wp\/v2\/types\/product"}],"wp:featuredmedia":[{"embeddable":true,"href":"https:\/\/pipraveski.ee\/en\/wp-json\/wp\/v2\/media\/950"}],"wp:attachment":[{"href":"https:\/\/pipraveski.ee\/en\/wp-json\/wp\/v2\/media?parent=920"}],"wp:term":[{"taxonomy":"product_brand","embeddable":true,"href":"https:\/\/pipraveski.ee\/en\/wp-json\/wp\/v2\/product_brand?post=920"},{"taxonomy":"product_cat","embeddable":true,"href":"https:\/\/pipraveski.ee\/en\/wp-json\/wp\/v2\/product_cat?post=920"},{"taxonomy":"product_tag","embeddable":true,"href":"https:\/\/pipraveski.ee\/en\/wp-json\/wp\/v2\/product_tag?post=920"}],"curies":[{"name":"wp","href":"https:\/\/api.w.org\/{rel}","templated":true}]}}