{"id":916,"date":"2025-10-22T19:04:11","date_gmt":"2025-10-22T16:04:11","guid":{"rendered":"https:\/\/pipraveski.ee\/?post_type=product&#038;p=916"},"modified":"2026-04-17T11:32:57","modified_gmt":"2026-04-17T08:32:57","slug":"chilli-con-carne-maitseainesegu-50g","status":"publish","type":"product","link":"https:\/\/pipraveski.ee\/en\/product\/chilli-con-carne-maitseainesegu-50g\/","title":{"rendered":"Chilli con Carne seasoning mix, HELA, 50g"},"content":{"rendered":"<p>T\u00e4nu pekanip\u00e4hklipuu kohal suitsutatud chipotle&#8217;idele on sellel t\u0161illi con carnel uskumatult soe ja pehme suitsune maitse.<br \/>\nKoostisosad:&nbsp;paprika, sibul, lauasool, k\u00fc\u00fcslauk, t\u0161illi, p\u00e4rmiekstrakt, basiilik, t\u00fc\u00fcmian, maitsetugevdaja (naatriumglutamaat), maitseained (sisaldab SELLERIT), maitsetaimed.<br \/>\nNutrition information per 100g:<br \/>\nEnergy content 1178 kJ \/ 281 kcal<br \/>\nFats 6,2g<br \/>\nof which saturated fatty acids 1,2g<br \/>\nCarbohydrates 34,4 g<br \/>\nof which sugars 24,4 g<br \/>\nProtein 14,5 g<br \/>\nSalt 18,1 g<br \/>\nP\u00e4ritolumaa: Saksamaa.<\/p>\n<p>Retsept:koostisosad 4 inimesele:<br \/>\n1000 g lambahakkliha &#8211; alternatiivina veisehakkliha<br \/>\n300 g sibulat<br \/>\n5 k\u00fc\u00fcslauguk\u00fc\u00fcnt<br \/>\n10 tervet chipotle t\u0161illit<br \/>\n5 tervet kuivatatud ancho t\u0161illit<br \/>\n2 spl t\u0161illi con carne maitseainesegu<br \/>\n2 purki San Marzano tomateid (\u00e0 400 g)<br \/>\nOliivi\u00f5li<br \/>\n1 kuhjaga spl pruuni suhkrut<br \/>\n2 spl sidrunimahla<br \/>\n100 ml vett<br \/>\nSoola, pipar<br \/>\nPruunista lambahakkliha pannil oliivi\u00f5lis koos hakitud sibula ja k\u00fc\u00fcslauguga. Eemalda kuivatatud chipotle ja ancho t\u0161illide s\u00fcdamik ja varred. V\u00f5id kasutada ka terveid chipotle kaunu, aga ancho t\u0161illid tuleks l\u00f5igata 3 cm suurusteks t\u00fckkideks. Prae 10 minutit, vala k\u00f5ik \u00fclej\u00e4\u00e4nud koostisosad pannile ja sega korralikult l\u00e4bi.<br \/>\nHauta v\u00e4hemalt 2 tundi tasasel tulel ja suletud kaane all.<\/p>\n<p>&nbsp;<\/p>","protected":false},"excerpt":{"rendered":"<p>A Mexican-style chilli con carne spice blend for a quick and easy way to spice up your dish!<\/p>","protected":false},"featured_media":946,"template":"","meta":[],"product_brand":[],"product_cat":[307],"product_tag":[],"class_list":{"0":"post-916","1":"product","2":"type-product","3":"status-publish","4":"has-post-thumbnail","6":"product_cat-maitseainesegud","8":"first","9":"instock","10":"taxable","11":"shipping-taxable","12":"purchasable","13":"product-type-simple"},"_links":{"self":[{"href":"https:\/\/pipraveski.ee\/en\/wp-json\/wp\/v2\/product\/916","targetHints":{"allow":["GET"]}}],"collection":[{"href":"https:\/\/pipraveski.ee\/en\/wp-json\/wp\/v2\/product"}],"about":[{"href":"https:\/\/pipraveski.ee\/en\/wp-json\/wp\/v2\/types\/product"}],"wp:featuredmedia":[{"embeddable":true,"href":"https:\/\/pipraveski.ee\/en\/wp-json\/wp\/v2\/media\/946"}],"wp:attachment":[{"href":"https:\/\/pipraveski.ee\/en\/wp-json\/wp\/v2\/media?parent=916"}],"wp:term":[{"taxonomy":"product_brand","embeddable":true,"href":"https:\/\/pipraveski.ee\/en\/wp-json\/wp\/v2\/product_brand?post=916"},{"taxonomy":"product_cat","embeddable":true,"href":"https:\/\/pipraveski.ee\/en\/wp-json\/wp\/v2\/product_cat?post=916"},{"taxonomy":"product_tag","embeddable":true,"href":"https:\/\/pipraveski.ee\/en\/wp-json\/wp\/v2\/product_tag?post=916"}],"curies":[{"name":"wp","href":"https:\/\/api.w.org\/{rel}","templated":true}]}}