{"id":914,"date":"2025-10-22T19:04:11","date_gmt":"2025-10-22T16:04:11","guid":{"rendered":"https:\/\/pipraveski.ee\/?post_type=product&#038;p=914"},"modified":"2026-04-17T11:32:16","modified_gmt":"2026-04-17T08:32:16","slug":"kuuslaugupulber-trs-100g","status":"publish","type":"product","link":"https:\/\/pipraveski.ee\/en\/product\/kuuslaugupulber-trs-100g\/","title":{"rendered":"Garlic powder, TRS, 100g"},"content":{"rendered":"<p>TRS k\u00fc\u00fcslaugupulber on mugav alternatiiv v\u00e4rskele k\u00fc\u00fcslaugule. Kasutage 1\/2 teelusikat\u00e4it 2 keskmise v\u00e4rske k\u00fc\u00fcslauguk\u00fc\u00fcne asemel. Kasutage suppide, liha- ja k\u00f6\u00f6giviljaroogade maitsestamiseks k\u00f5ikjal, kus vajate v\u00e4rsket k\u00fc\u00fcslauku.<\/p>\n<p>Toodetud tehases, mis k\u00e4itleb p\u00e4hkleid, maap\u00e4hkleid, seesamiseemneid, gluteeni, piima, sellerit, soja, sinepit ja sulfiite.<\/p>\n<p>Nutrition information per 100 g<br \/>\nEnergiasisaldus (Kcal) &#8211; 331Kcal<br \/>\nValk &#8211; 17 g<br \/>\nRasv &#8211; 0,7 g<br \/>\nmillest k\u00fcllastunud rasvhappeid &#8211; 0,2g<br \/>\nS\u00fcsivesikud &#8211; 73 g<br \/>\nmillest suhkur &#8211; 2,4g<br \/>\nKiudained &#8211; 9 g<\/p>","protected":false},"excerpt":{"rendered":"<p>K\u00fc\u00fcslaugupulber<\/p>","protected":false},"featured_media":944,"template":"","meta":[],"product_brand":[257],"product_cat":[307],"product_tag":[],"class_list":{"0":"post-914","1":"product","2":"type-product","3":"status-publish","4":"has-post-thumbnail","6":"product_brand-trs","7":"product_cat-maitseainesegud","9":"first","10":"instock","11":"taxable","12":"shipping-taxable","13":"purchasable","14":"product-type-simple"},"_links":{"self":[{"href":"https:\/\/pipraveski.ee\/en\/wp-json\/wp\/v2\/product\/914","targetHints":{"allow":["GET"]}}],"collection":[{"href":"https:\/\/pipraveski.ee\/en\/wp-json\/wp\/v2\/product"}],"about":[{"href":"https:\/\/pipraveski.ee\/en\/wp-json\/wp\/v2\/types\/product"}],"wp:featuredmedia":[{"embeddable":true,"href":"https:\/\/pipraveski.ee\/en\/wp-json\/wp\/v2\/media\/944"}],"wp:attachment":[{"href":"https:\/\/pipraveski.ee\/en\/wp-json\/wp\/v2\/media?parent=914"}],"wp:term":[{"taxonomy":"product_brand","embeddable":true,"href":"https:\/\/pipraveski.ee\/en\/wp-json\/wp\/v2\/product_brand?post=914"},{"taxonomy":"product_cat","embeddable":true,"href":"https:\/\/pipraveski.ee\/en\/wp-json\/wp\/v2\/product_cat?post=914"},{"taxonomy":"product_tag","embeddable":true,"href":"https:\/\/pipraveski.ee\/en\/wp-json\/wp\/v2\/product_tag?post=914"}],"curies":[{"name":"wp","href":"https:\/\/api.w.org\/{rel}","templated":true}]}}