{"id":909,"date":"2025-10-22T19:04:11","date_gmt":"2025-10-22T16:04:11","guid":{"rendered":"https:\/\/pipraveski.ee\/?post_type=product&#038;p=909"},"modified":"2026-04-17T11:33:00","modified_gmt":"2026-04-17T08:33:00","slug":"metsik-must-pipar-30g","status":"publish","type":"product","link":"https:\/\/pipraveski.ee\/en\/product\/metsik-must-pipar-30g\/","title":{"rendered":"Metsik must pipar, 30g"},"content":{"rendered":"<p>Metsikult kasvav must pipar, terve, puidu ja mulla l\u00f5hnaga, sidruni ja lillede v\u00e4rskete nootidega. Suurep\u00e4rane salati, liha, valge kala, kartuliroogade, valge juustu, puuviljamagustoitude ja \u0161okolaadiga.<\/p>\n<p>P\u00e4ritolumaa: Madagaskar<\/p>","protected":false},"excerpt":{"rendered":"<p>Metsikult kasvav must pipar, terve, puidu ja mulla l\u00f5hnaga, sidruni ja lillede v\u00e4rskete nootidega. Suurep\u00e4rane salati, liha, valge kala, kartuliroogade, valge juustu, puuviljamagustoitude ja \u0161okolaadiga. P\u00e4ritolumaa: Madagaskar<\/p>","protected":false},"featured_media":939,"template":"","meta":[],"product_brand":[],"product_cat":[338],"product_tag":[],"class_list":{"0":"post-909","1":"product","2":"type-product","3":"status-publish","4":"has-post-thumbnail","6":"product_cat-puhtad-maitsed","8":"first","9":"instock","10":"taxable","11":"shipping-taxable","12":"purchasable","13":"product-type-simple"},"_links":{"self":[{"href":"https:\/\/pipraveski.ee\/en\/wp-json\/wp\/v2\/product\/909","targetHints":{"allow":["GET"]}}],"collection":[{"href":"https:\/\/pipraveski.ee\/en\/wp-json\/wp\/v2\/product"}],"about":[{"href":"https:\/\/pipraveski.ee\/en\/wp-json\/wp\/v2\/types\/product"}],"wp:featuredmedia":[{"embeddable":true,"href":"https:\/\/pipraveski.ee\/en\/wp-json\/wp\/v2\/media\/939"}],"wp:attachment":[{"href":"https:\/\/pipraveski.ee\/en\/wp-json\/wp\/v2\/media?parent=909"}],"wp:term":[{"taxonomy":"product_brand","embeddable":true,"href":"https:\/\/pipraveski.ee\/en\/wp-json\/wp\/v2\/product_brand?post=909"},{"taxonomy":"product_cat","embeddable":true,"href":"https:\/\/pipraveski.ee\/en\/wp-json\/wp\/v2\/product_cat?post=909"},{"taxonomy":"product_tag","embeddable":true,"href":"https:\/\/pipraveski.ee\/en\/wp-json\/wp\/v2\/product_tag?post=909"}],"curies":[{"name":"wp","href":"https:\/\/api.w.org\/{rel}","templated":true}]}}