{"id":908,"date":"2025-10-22T19:04:11","date_gmt":"2025-10-22T16:04:11","guid":{"rendered":"https:\/\/pipraveski.ee\/?post_type=product&#038;p=908"},"modified":"2026-04-17T12:10:36","modified_gmt":"2026-04-17T09:10:36","slug":"teetass-senta-3-osaline-koos-teesoela-ja-kaanega-025l","status":"publish","type":"product","link":"https:\/\/pipraveski.ee\/en\/product\/teetass-senta-3-osaline-koos-teesoela-ja-kaanega-025l\/","title":{"rendered":"Tea cup \u201cSenta\u201d, 3-piece with tea strainer and lid 0,25l"},"content":{"rendered":"<p>Kaunite kujunditega ja ilusates toonides &#8220;Senta&#8221; seeria n\u00f5ud sobivad igasse koju.<br \/>\nKomplekti kuulub kruus, tees\u00f5el ja kaas.&nbsp;<br \/>\nSobib suurep\u00e4raselt kokku meie valikus olevate &#8220;Senta&#8221; kruusi ja tee hoiupurgiga.<br \/>\n&nbsp;<\/p>","protected":false},"excerpt":{"rendered":"<p>Kaunite kujunditega ja ilusates toonides &#8220;Senta&#8221; seeria n\u00f5ud sobivad igasse koju. Komplekti kuulub kruus, tees\u00f5el ja kaas.&nbsp; Sobib suurep\u00e4raselt kokku meie valikus olevate &#8220;Senta&#8221; kruusi ja tee hoiupurgiga. &nbsp;<\/p>","protected":false},"featured_media":938,"template":"","meta":[],"product_brand":[239],"product_cat":[330],"product_tag":[],"class_list":{"0":"post-908","1":"product","2":"type-product","3":"status-publish","4":"has-post-thumbnail","6":"product_brand-chacult-gmbh","7":"product_cat-koogitarvikud","9":"first","10":"instock","11":"taxable","12":"shipping-taxable","13":"purchasable","14":"product-type-simple"},"_links":{"self":[{"href":"https:\/\/pipraveski.ee\/en\/wp-json\/wp\/v2\/product\/908","targetHints":{"allow":["GET"]}}],"collection":[{"href":"https:\/\/pipraveski.ee\/en\/wp-json\/wp\/v2\/product"}],"about":[{"href":"https:\/\/pipraveski.ee\/en\/wp-json\/wp\/v2\/types\/product"}],"wp:featuredmedia":[{"embeddable":true,"href":"https:\/\/pipraveski.ee\/en\/wp-json\/wp\/v2\/media\/938"}],"wp:attachment":[{"href":"https:\/\/pipraveski.ee\/en\/wp-json\/wp\/v2\/media?parent=908"}],"wp:term":[{"taxonomy":"product_brand","embeddable":true,"href":"https:\/\/pipraveski.ee\/en\/wp-json\/wp\/v2\/product_brand?post=908"},{"taxonomy":"product_cat","embeddable":true,"href":"https:\/\/pipraveski.ee\/en\/wp-json\/wp\/v2\/product_cat?post=908"},{"taxonomy":"product_tag","embeddable":true,"href":"https:\/\/pipraveski.ee\/en\/wp-json\/wp\/v2\/product_tag?post=908"}],"curies":[{"name":"wp","href":"https:\/\/api.w.org\/{rel}","templated":true}]}}