{"id":873,"date":"2025-10-22T19:03:55","date_gmt":"2025-10-22T16:03:55","guid":{"rendered":"https:\/\/pipraveski.ee\/?post_type=product&#038;p=873"},"modified":"2026-04-17T11:33:08","modified_gmt":"2026-04-17T08:33:08","slug":"hiina-5-vurtsisegu-100g","status":"publish","type":"product","link":"https:\/\/pipraveski.ee\/en\/product\/hiina-5-vurtsisegu-100g\/","title":{"rendered":"Chinese 5-spice blend, HELA, 100g"},"content":{"rendered":"<p>Kasutamine:&nbsp; ca 10g 1 kg kohta<br \/>\nToode sobib kasutamiseks: liha, kala v\u00f5i juurviljade jaoks, samuti marinaadi v\u00f5i lihtsalt toidu v\u00fcrtsitamiseks.<br \/>\nKoostiosad: Koriander, kaneel, kardemon, v\u00fcrts, sinepipulber, aniis, lorbeer.<\/p>","protected":false},"excerpt":{"rendered":"<p>Kasutamine:&nbsp; ca 10g 1 kg kohta Toode sobib kasutamiseks: liha, kala v\u00f5i juurviljade jaoks, samuti marinaadi v\u00f5i lihtsalt toidu v\u00fcrtsitamiseks. Koostiosad: Koriander, kaneel, kardemon, v\u00fcrts, sinepipulber, aniis, lorbeer.<\/p>","protected":false},"featured_media":904,"template":"","meta":[],"product_brand":[244],"product_cat":[307],"product_tag":[],"class_list":{"0":"post-873","1":"product","2":"type-product","3":"status-publish","4":"has-post-thumbnail","6":"product_brand-hela","7":"product_cat-maitseainesegud","9":"first","10":"instock","11":"taxable","12":"shipping-taxable","13":"purchasable","14":"product-type-simple"},"_links":{"self":[{"href":"https:\/\/pipraveski.ee\/en\/wp-json\/wp\/v2\/product\/873","targetHints":{"allow":["GET"]}}],"collection":[{"href":"https:\/\/pipraveski.ee\/en\/wp-json\/wp\/v2\/product"}],"about":[{"href":"https:\/\/pipraveski.ee\/en\/wp-json\/wp\/v2\/types\/product"}],"wp:featuredmedia":[{"embeddable":true,"href":"https:\/\/pipraveski.ee\/en\/wp-json\/wp\/v2\/media\/904"}],"wp:attachment":[{"href":"https:\/\/pipraveski.ee\/en\/wp-json\/wp\/v2\/media?parent=873"}],"wp:term":[{"taxonomy":"product_brand","embeddable":true,"href":"https:\/\/pipraveski.ee\/en\/wp-json\/wp\/v2\/product_brand?post=873"},{"taxonomy":"product_cat","embeddable":true,"href":"https:\/\/pipraveski.ee\/en\/wp-json\/wp\/v2\/product_cat?post=873"},{"taxonomy":"product_tag","embeddable":true,"href":"https:\/\/pipraveski.ee\/en\/wp-json\/wp\/v2\/product_tag?post=873"}],"curies":[{"name":"wp","href":"https:\/\/api.w.org\/{rel}","templated":true}]}}