{"id":867,"date":"2025-10-22T19:03:55","date_gmt":"2025-10-22T16:03:55","guid":{"rendered":"https:\/\/pipraveski.ee\/?post_type=product&#038;p=867"},"modified":"2026-04-17T11:33:06","modified_gmt":"2026-04-17T08:33:06","slug":"korma-karripasta-pataks-290g","status":"publish","type":"product","link":"https:\/\/pipraveski.ee\/en\/product\/korma-karripasta-pataks-290g\/","title":{"rendered":"Korma curry paste, Patak`s, 290g"},"content":{"rendered":"<p>Mahedamaitseline karrikaste kookose ja koriandriga.<\/p>\n<p>Enne kasutamist kastet kuumutada. V\u00f5ib sega 50:50 maitsestamata jogurtiga.<\/p>\n<p>Koostisosad: \u00f5li, vesi, kookoshelbed (14%), suhkur, tomatipasta (6%), sool, ingver, k\u00fc\u00fcslauk, koriander (4%), v\u00fcrtsk\u00f6\u00f6mned, sibulapulber (3%), kurkum, paprika, maisijahu, v\u00fcrtsid, \u00e4\u00e4dikhape, piimhape, koriandrilehed.<\/p>\n<p>Nutrition information per 100g<br \/>\nEnergiasisaldus 952kJ\/229kcal<br \/>\nRasvad 15,5 g<br \/>\nmillest k\u00fcllastunud rasvhapped 2,6g<br \/>\nS\u00fcsivesikud 14,9g<br \/>\nmillest suhkrud 9,2g<br \/>\nValgud 3,1 g<br \/>\nSalt 4,8 g<\/p>","protected":false},"excerpt":{"rendered":"<p>Mahedamaitseline karrikaste kookose ja koriandriga<\/p>","protected":false},"featured_media":898,"template":"","meta":[],"product_brand":[245],"product_cat":[317],"product_tag":[],"class_list":{"0":"post-867","1":"product","2":"type-product","3":"status-publish","4":"has-post-thumbnail","6":"product_brand-pataks","7":"product_cat-kastmed-sinepid-tsatnid","9":"first","10":"outofstock","11":"taxable","12":"shipping-taxable","13":"purchasable","14":"product-type-simple"},"_links":{"self":[{"href":"https:\/\/pipraveski.ee\/en\/wp-json\/wp\/v2\/product\/867","targetHints":{"allow":["GET"]}}],"collection":[{"href":"https:\/\/pipraveski.ee\/en\/wp-json\/wp\/v2\/product"}],"about":[{"href":"https:\/\/pipraveski.ee\/en\/wp-json\/wp\/v2\/types\/product"}],"wp:featuredmedia":[{"embeddable":true,"href":"https:\/\/pipraveski.ee\/en\/wp-json\/wp\/v2\/media\/898"}],"wp:attachment":[{"href":"https:\/\/pipraveski.ee\/en\/wp-json\/wp\/v2\/media?parent=867"}],"wp:term":[{"taxonomy":"product_brand","embeddable":true,"href":"https:\/\/pipraveski.ee\/en\/wp-json\/wp\/v2\/product_brand?post=867"},{"taxonomy":"product_cat","embeddable":true,"href":"https:\/\/pipraveski.ee\/en\/wp-json\/wp\/v2\/product_cat?post=867"},{"taxonomy":"product_tag","embeddable":true,"href":"https:\/\/pipraveski.ee\/en\/wp-json\/wp\/v2\/product_tag?post=867"}],"curies":[{"name":"wp","href":"https:\/\/api.w.org\/{rel}","templated":true}]}}