{"id":866,"date":"2025-10-22T19:03:55","date_gmt":"2025-10-22T16:03:55","guid":{"rendered":"https:\/\/pipraveski.ee\/?post_type=product&#038;p=866"},"modified":"2026-04-17T11:32:09","modified_gmt":"2026-04-17T08:32:09","slug":"wiri-wiri-chillies-30g","status":"publish","type":"product","link":"https:\/\/pipraveski.ee\/en\/product\/wiri-wiri-chillies-30g\/","title":{"rendered":"Wiri Wiri Chillies, 30g"},"content":{"rendered":"<p>Terved kuivatatud Wiri Wiri t\u0161illid<br \/>\nWiri Wiri t\u0161illipipar on \u00fcsna haruldane sort.<br \/>\n100 000\u2013350 000 Scoville\u2019i kuumusega on nad samal tasemel Habanero ja Scotch Bonnet t\u0161illipipraga. Maitselt puuviljane, v\u00fcrtsika tomatise alatooniga.<\/p>\n<p>Wiri wirit kasutatakse eriti v\u00fcrtsistes kastmetes (n\u00e4iteks koos mangoga), mis on levinud kogu Guyana k\u00f6\u00f6gis. Kasuta teravates kastmetes, hautistes, suppides, soolastes roogades, India karrides ja marinaadides, eriti h\u00e4sti sobib&nbsp; tomatite ja troopiliste puuviljadega.<\/p>\n<p>V\u00f5ib purustada, jahvatada v\u00f5i isegi tervelt kasutada, nt. lisades terve kuivatatud kaun hautisele v\u00f5i supile.<\/p>\n<p>Hoiustamine<br \/>\nHoida jahedas, kuivas, pimedas ja \u00f5hukindlas kohas.<\/p>","protected":false},"excerpt":{"rendered":"<p>Wiri wirit kasutatakse eriti v\u00fcrtsistes kastmetes (n\u00e4iteks koos mangoga), mis on levinud kogu Guyana k\u00f6\u00f6gis. Kasuta teravates kastmetes, hautistes, suppides, soolastes roogades, India karrides ja marinaadides, eriti h\u00e4sti sobib  tomatite ja troopiliste puuviljadega.<\/p>","protected":false},"featured_media":897,"template":"","meta":[],"product_brand":[],"product_cat":[338],"product_tag":[],"class_list":{"0":"post-866","1":"product","2":"type-product","3":"status-publish","4":"has-post-thumbnail","6":"product_cat-puhtad-maitsed","8":"first","9":"outofstock","10":"taxable","11":"shipping-taxable","12":"purchasable","13":"product-type-simple"},"_links":{"self":[{"href":"https:\/\/pipraveski.ee\/en\/wp-json\/wp\/v2\/product\/866","targetHints":{"allow":["GET"]}}],"collection":[{"href":"https:\/\/pipraveski.ee\/en\/wp-json\/wp\/v2\/product"}],"about":[{"href":"https:\/\/pipraveski.ee\/en\/wp-json\/wp\/v2\/types\/product"}],"wp:featuredmedia":[{"embeddable":true,"href":"https:\/\/pipraveski.ee\/en\/wp-json\/wp\/v2\/media\/897"}],"wp:attachment":[{"href":"https:\/\/pipraveski.ee\/en\/wp-json\/wp\/v2\/media?parent=866"}],"wp:term":[{"taxonomy":"product_brand","embeddable":true,"href":"https:\/\/pipraveski.ee\/en\/wp-json\/wp\/v2\/product_brand?post=866"},{"taxonomy":"product_cat","embeddable":true,"href":"https:\/\/pipraveski.ee\/en\/wp-json\/wp\/v2\/product_cat?post=866"},{"taxonomy":"product_tag","embeddable":true,"href":"https:\/\/pipraveski.ee\/en\/wp-json\/wp\/v2\/product_tag?post=866"}],"curies":[{"name":"wp","href":"https:\/\/api.w.org\/{rel}","templated":true}]}}