{"id":865,"date":"2025-10-22T19:03:55","date_gmt":"2025-10-22T16:03:55","guid":{"rendered":"https:\/\/pipraveski.ee\/?post_type=product&#038;p=865"},"modified":"2026-04-17T11:31:57","modified_gmt":"2026-04-17T08:31:57","slug":"kaste-trinidad-scorpion-klementiini-grazy-bastard-200ml","status":"publish","type":"product","link":"https:\/\/pipraveski.ee\/en\/product\/kaste-trinidad-scorpion-klementiini-grazy-bastard-200ml\/","title":{"rendered":"Sauce, Trinidad scorpion &amp; clementine, GRAZY BASTARD, 200ml"},"content":{"rendered":"<p>Pigem aeglase p\u00f5lemisega \u200bCrazy Bastard sarja kaste, mis saab alguse kergest tsitruse aroomist ja maitsest, kuid eskaleerub korralikuks tulekahjuks.<\/p>\n<p>Koostisosad: paprika, \u00f5un, sibul, valge veini\u00e4\u00e4dikas, klementiinid (10%), Trinidad Scorpion Chilli (6%), k\u00fc\u00fcslauk, laim, oliivi\u00f5li, meresool<\/p>\n<p>Maitse: magusalt tsitruseline, tugev t\u0161illi aroom, taustal k\u00fc\u00fcslaugu noodid.<\/p>\n<p>Sobib h\u00e4sti kasutamiseks riisitoitudes, suppides, hautistes, pitsal, grillitud toidu k\u00f5rvale, Aasia toitudes.<br \/>\nScoville i skaalal ca 55 000 SHU<\/p>\n<p>Nutrition information per 100g<br \/>\nEnergia 225 kJ \/ 53 kcal<br \/>\nFats 0,8g<br \/>\nof which saturated fatty acids 0,1g<br \/>\nCarbohydrates 10g<br \/>\nmillest suhkrud 8,7g<br \/>\nProtein 1g<br \/>\nSool 0,24g<\/p>","protected":false},"excerpt":{"rendered":"<p>\u200bCrazy Bastard sarja v\u00e4ga terav t\u0161illikaste trinidad-scorpion-t\u0161illi ja klementiinidega.<\/p>","protected":false},"featured_media":895,"template":"","meta":[],"product_brand":[],"product_cat":[317],"product_tag":[],"class_list":{"0":"post-865","1":"product","2":"type-product","3":"status-publish","4":"has-post-thumbnail","6":"product_cat-kastmed-sinepid-tsatnid","8":"first","9":"outofstock","10":"taxable","11":"shipping-taxable","12":"purchasable","13":"product-type-simple"},"_links":{"self":[{"href":"https:\/\/pipraveski.ee\/en\/wp-json\/wp\/v2\/product\/865","targetHints":{"allow":["GET"]}}],"collection":[{"href":"https:\/\/pipraveski.ee\/en\/wp-json\/wp\/v2\/product"}],"about":[{"href":"https:\/\/pipraveski.ee\/en\/wp-json\/wp\/v2\/types\/product"}],"wp:featuredmedia":[{"embeddable":true,"href":"https:\/\/pipraveski.ee\/en\/wp-json\/wp\/v2\/media\/895"}],"wp:attachment":[{"href":"https:\/\/pipraveski.ee\/en\/wp-json\/wp\/v2\/media?parent=865"}],"wp:term":[{"taxonomy":"product_brand","embeddable":true,"href":"https:\/\/pipraveski.ee\/en\/wp-json\/wp\/v2\/product_brand?post=865"},{"taxonomy":"product_cat","embeddable":true,"href":"https:\/\/pipraveski.ee\/en\/wp-json\/wp\/v2\/product_cat?post=865"},{"taxonomy":"product_tag","embeddable":true,"href":"https:\/\/pipraveski.ee\/en\/wp-json\/wp\/v2\/product_tag?post=865"}],"curies":[{"name":"wp","href":"https:\/\/api.w.org\/{rel}","templated":true}]}}