{"id":859,"date":"2025-10-22T19:03:55","date_gmt":"2025-10-22T16:03:55","guid":{"rendered":"https:\/\/pipraveski.ee\/?post_type=product&#038;p=859"},"modified":"2026-04-17T11:31:47","modified_gmt":"2026-04-17T08:31:47","slug":"chia-seemned-500g","status":"publish","type":"product","link":"https:\/\/pipraveski.ee\/en\/product\/chia-seemned-500g\/","title":{"rendered":"Chia seeds, 500g"},"content":{"rendered":"<p>Chia seemned on pisikesed kr\u00f5mpsud seemned \u00f5lisalvei taimelt ning nad on leidnud koha mitmete toitude valmistamisel,<br \/>\nChia seemnetel endil iseloomulik maitse puudub ning neid on hea lisada toidu rikastamiseks v\u00e4ga paljudele toitudele, n\u00e4iteks putrudele, smuutidele, kissellidele, k\u00fcpsetistele, kookidele vms.&nbsp;<\/p>\n<p>Vedelikuga kokku puutudes chia seemned paisuvad ning nende \u00fcmber tekib \u00f5huke geeljas kiht, t\u00e4nu sellele omadusele on chiat hea kasutada ka jookide-kokteilide valmistamisel, et neile tihkemat tekstuuri anda.&nbsp;<\/p>\n<p>\n<strong><span style=\", sans-serif;font-size: 14px\">Nutrition information per 100g<\/span><\/strong><br style=\", sans-serif;font-size: 14px\" \/><br \/>\n<span style=\", sans-serif;font-size: 14px\">Energiasisaldus 1869 kJ \/ 453 kcal<\/span><br style=\", sans-serif;font-size: 14px\" \/><br \/>\n<span style=\", sans-serif;font-size: 14px\">Rasvad 32g<\/span><br \/>\n<span style=\", sans-serif;font-size: 14px\">millest k\u00fcllastunud rasvhapped 3,5g<\/span><br style=\", sans-serif;font-size: 14px\" \/><br \/>\n<span style=\", sans-serif;font-size: 14px\">S\u00fcsivesikud 5,2g<\/span><br style=\", sans-serif;font-size: 14px\" \/><br \/>\n<span style=\", sans-serif;font-size: 14px\">millest suhkruid 0,5g<\/span><br style=\", sans-serif;font-size: 14px\" \/><br \/>\n<span style=\", sans-serif;font-size: 14px\">kiudained 30g<\/span><br style=\", sans-serif;font-size: 14px\" \/><br \/>\n<span style=\", sans-serif;font-size: 14px\">valgud 21g<\/span><br style=\", sans-serif;font-size: 14px\" \/><br \/>\n<span style=\", sans-serif;font-size: 14px\">sool 0g<\/span><\/p>","protected":false},"excerpt":{"rendered":"<p>Pisikesed kr\u00f5mpsud seemned, lisa magustoitudele, smuutidele v\u00f5i k\u00fcpsetistele.<\/p>","protected":false},"featured_media":889,"template":"","meta":[],"product_brand":[],"product_cat":[321],"product_tag":[],"class_list":{"0":"post-859","1":"product","2":"type-product","3":"status-publish","4":"has-post-thumbnail","6":"product_cat-seemned-marjad-seened-jmt","8":"first","9":"instock","10":"taxable","11":"shipping-taxable","12":"purchasable","13":"product-type-simple"},"_links":{"self":[{"href":"https:\/\/pipraveski.ee\/en\/wp-json\/wp\/v2\/product\/859","targetHints":{"allow":["GET"]}}],"collection":[{"href":"https:\/\/pipraveski.ee\/en\/wp-json\/wp\/v2\/product"}],"about":[{"href":"https:\/\/pipraveski.ee\/en\/wp-json\/wp\/v2\/types\/product"}],"wp:featuredmedia":[{"embeddable":true,"href":"https:\/\/pipraveski.ee\/en\/wp-json\/wp\/v2\/media\/889"}],"wp:attachment":[{"href":"https:\/\/pipraveski.ee\/en\/wp-json\/wp\/v2\/media?parent=859"}],"wp:term":[{"taxonomy":"product_brand","embeddable":true,"href":"https:\/\/pipraveski.ee\/en\/wp-json\/wp\/v2\/product_brand?post=859"},{"taxonomy":"product_cat","embeddable":true,"href":"https:\/\/pipraveski.ee\/en\/wp-json\/wp\/v2\/product_cat?post=859"},{"taxonomy":"product_tag","embeddable":true,"href":"https:\/\/pipraveski.ee\/en\/wp-json\/wp\/v2\/product_tag?post=859"}],"curies":[{"name":"wp","href":"https:\/\/api.w.org\/{rel}","templated":true}]}}