{"id":857,"date":"2025-10-22T19:03:55","date_gmt":"2025-10-22T16:03:55","guid":{"rendered":"https:\/\/pipraveski.ee\/?post_type=product&#038;p=857"},"modified":"2026-04-17T11:31:56","modified_gmt":"2026-04-17T08:31:56","slug":"meresoola-helbed-falksalt-125g","status":"publish","type":"product","link":"https:\/\/pipraveski.ee\/en\/product\/meresoola-helbed-falksalt-125g\/","title":{"rendered":"Sea salt flakes, Falksalt, 125g"},"content":{"rendered":"<p><span style=\"font-size:14px\"><span style=\"font-family: Roboto, sans-serif\">Falksalt ja Sailori soolahelbed on h\u00e4mmastav toode, mis on valmistatud K\u00fcprose Vabariigis esmaklassilisest meresoolast. M\u00f5eldud toidule lisamiseks.<\/span><\/span><\/p>\n<p><span style=\"font-size:14px\">Koostisosad: NaCl min.sisaldus 99,5%. Ilma paakumisvastase aineta.<\/span><\/p>\n<p><span style=\"font-size:14px\"><span style=\"font-family: Roboto, sans-serif\">Main chemical parameters:<\/span><br style=\"font-family: Roboto, sans-serif;font-size: 18px\" \/><br \/>\n<span style=\"font-family: Roboto, sans-serif\">Naatriumkloriid (NaCl) 99,5%<\/span><br style=\"font-family: Roboto, sans-serif;font-size: 18px\" \/><br \/>\n<span style=\"font-family: Roboto, sans-serif\">Niiskusesisaldus (H2O) 0,1<\/span><br style=\"font-family: Roboto, sans-serif;font-size: 18px\" \/><br \/>\n<span style=\"font-family: Roboto, sans-serif\">Vees lahustamatute ainete sisaldus 0,01%<\/span><br style=\"font-family: Roboto, sans-serif;font-size: 18px\" \/><br \/>\n<span style=\"font-family: Roboto, sans-serif\">Kaltsium (Ca) 0,04%<\/span><br style=\"font-family: Roboto, sans-serif;font-size: 18px\" \/><br \/>\n<span style=\"font-family: Roboto, sans-serif\">Magneesium (Mg) 0,03%<\/span><br style=\"font-family: Roboto, sans-serif;font-size: 18px\" \/><br \/>\n<span style=\"font-family: Roboto, sans-serif\">Sulfaat (SO4) 0,00%<\/span><\/span><\/p>","protected":false},"excerpt":{"rendered":"<p>Falksalt meresoolahelbed on omap\u00e4rase iseloomuga. Kergelt soolane, looduslikult mineraalirikas ja t\u00e4iesti lisaainetevaba.<\/p>","protected":false},"featured_media":887,"template":"","meta":[],"product_brand":[],"product_cat":[309],"product_tag":[],"class_list":{"0":"post-857","1":"product","2":"type-product","3":"status-publish","4":"has-post-thumbnail","6":"product_cat-suhkur-sool","8":"first","9":"instock","10":"taxable","11":"shipping-taxable","12":"purchasable","13":"product-type-simple"},"_links":{"self":[{"href":"https:\/\/pipraveski.ee\/en\/wp-json\/wp\/v2\/product\/857","targetHints":{"allow":["GET"]}}],"collection":[{"href":"https:\/\/pipraveski.ee\/en\/wp-json\/wp\/v2\/product"}],"about":[{"href":"https:\/\/pipraveski.ee\/en\/wp-json\/wp\/v2\/types\/product"}],"wp:featuredmedia":[{"embeddable":true,"href":"https:\/\/pipraveski.ee\/en\/wp-json\/wp\/v2\/media\/887"}],"wp:attachment":[{"href":"https:\/\/pipraveski.ee\/en\/wp-json\/wp\/v2\/media?parent=857"}],"wp:term":[{"taxonomy":"product_brand","embeddable":true,"href":"https:\/\/pipraveski.ee\/en\/wp-json\/wp\/v2\/product_brand?post=857"},{"taxonomy":"product_cat","embeddable":true,"href":"https:\/\/pipraveski.ee\/en\/wp-json\/wp\/v2\/product_cat?post=857"},{"taxonomy":"product_tag","embeddable":true,"href":"https:\/\/pipraveski.ee\/en\/wp-json\/wp\/v2\/product_tag?post=857"}],"curies":[{"name":"wp","href":"https:\/\/api.w.org\/{rel}","templated":true}]}}