{"id":856,"date":"2025-10-22T19:03:54","date_gmt":"2025-10-22T16:03:54","guid":{"rendered":"https:\/\/pipraveski.ee\/?post_type=product&#038;p=856"},"modified":"2026-04-17T11:31:38","modified_gmt":"2026-04-17T08:31:38","slug":"pulgakommid-chilli-ja-cola-maitselised-250g","status":"publish","type":"product","link":"https:\/\/pipraveski.ee\/en\/product\/pulgakommid-chilli-ja-cola-maitselised-250g\/","title":{"rendered":"Chilli and Cola flavoured chips, 250g"},"content":{"rendered":"<div class=\"content--title\" style=\"font-size: 1.125rem;margin: 0.625rem 0rem 0.3125rem;font-weight: 700;, sans-serif\">\n<p style=\"line-height: 1.625rem;margin: 0.625rem 0rem;, sans-serif;font-weight: 700;font-size: 1.125rem\"><span style=\"font-size:12px\">V<span style=\"font-size:14px\">\u00e4rske, magus ja eriti kuumad pulgakommis.<br \/>\n<strong>Sisu:<\/strong>&nbsp;umbes 60 pulgakommi pakendis.<\/span><\/span><\/p>\n<\/div>\n<h4 style=\"line-height: 1.625rem;margin: 0.625rem 0rem;, sans-serif;font-weight: 700;font-size: 1rem\">Hoiatus v\u00fcrtsikuse kohta:<br \/>\n<span style=\", sans-serif;font-size: 15px\">Kuumad ja v\u00fcrtsikad maiustused ei tohiks sattuda v\u00e4ikeste laste k\u00e4tte. Hoida turvalises kohas.<\/span><\/h4>\n<p><span style=\", sans-serif;font-size: 15px\"><strong>Ingredients:<\/strong> Suhkur, gl\u00fckoosisiirup, hapestaja: sidrunhape, v\u00e4rvaine: taimne s\u00fcsinik, looduslik l\u00f5hna- ja maitseaine, paprika (t\u0161illiekstrakt).&nbsp;<\/span><\/p>\n<p><strong>Nutrition information per 100g:<\/strong><br \/>\nEnergiasisaldus 1555 kJ \/ 373,7 kcal<br \/>\nFats 0,0g<br \/>\nK\u00fcllastunud rasvhappeid 0,0g<br \/>\nS\u00fcsivesikuid 89,9g<br \/>\nSuhkruid 89,6g<br \/>\nValgud 0,1g<br \/>\nSalt 0,0g<br \/>\n&nbsp;<\/p>","protected":false},"excerpt":{"rendered":"<p>V\u00e4rske, magus ja eriti kuumad pulgakommis. Sisu:&nbsp;umbes 60 pulgakommi pakendis. Hoiatus v\u00fcrtsikuse kohta: Kuumad ja v\u00fcrtsikad maiustused ei tohiks sattuda v\u00e4ikeste laste k\u00e4tte. Hoida turvalises kohas. Koostisosad: Suhkur, gl\u00fckoosisiirup, hapestaja: sidrunhape, v\u00e4rvaine: taimne s\u00fcsinik, looduslik l\u00f5hna- ja maitseaine, paprika (t\u0161illiekstrakt).&nbsp; Toitumisalane teave 100g kohta: Energiasisaldus 1555 kJ \/ 373,7 kcal Rasvad 0,0g K\u00fcllastunud rasvhappeid 0,0g [&hellip;]<\/p>\n","protected":false},"featured_media":886,"template":"","meta":[],"product_brand":[],"product_cat":[324],"product_tag":[],"class_list":{"0":"post-856","1":"product","2":"type-product","3":"status-publish","4":"has-post-thumbnail","6":"product_cat-maiustused-snakid","8":"first","9":"instock","10":"taxable","11":"shipping-taxable","12":"purchasable","13":"product-type-simple"},"_links":{"self":[{"href":"https:\/\/pipraveski.ee\/en\/wp-json\/wp\/v2\/product\/856","targetHints":{"allow":["GET"]}}],"collection":[{"href":"https:\/\/pipraveski.ee\/en\/wp-json\/wp\/v2\/product"}],"about":[{"href":"https:\/\/pipraveski.ee\/en\/wp-json\/wp\/v2\/types\/product"}],"wp:featuredmedia":[{"embeddable":true,"href":"https:\/\/pipraveski.ee\/en\/wp-json\/wp\/v2\/media\/886"}],"wp:attachment":[{"href":"https:\/\/pipraveski.ee\/en\/wp-json\/wp\/v2\/media?parent=856"}],"wp:term":[{"taxonomy":"product_brand","embeddable":true,"href":"https:\/\/pipraveski.ee\/en\/wp-json\/wp\/v2\/product_brand?post=856"},{"taxonomy":"product_cat","embeddable":true,"href":"https:\/\/pipraveski.ee\/en\/wp-json\/wp\/v2\/product_cat?post=856"},{"taxonomy":"product_tag","embeddable":true,"href":"https:\/\/pipraveski.ee\/en\/wp-json\/wp\/v2\/product_tag?post=856"}],"curies":[{"name":"wp","href":"https:\/\/api.w.org\/{rel}","templated":true}]}}