{"id":854,"date":"2025-10-22T19:03:54","date_gmt":"2025-10-22T16:03:54","guid":{"rendered":"https:\/\/pipraveski.ee\/?post_type=product&#038;p=854"},"modified":"2026-04-17T11:31:38","modified_gmt":"2026-04-17T08:31:38","slug":"mexico-hot-mix-100g","status":"publish","type":"product","link":"https:\/\/pipraveski.ee\/en\/product\/mexico-hot-mix-100g\/","title":{"rendered":"Mexico Hot Mix, HELA, 100g"},"content":{"rendered":"<p>A particularly spicy, Mexican-style spice blend for a wide variety of dishes: e.g. pasta, pizza, chilli con carne, ice cream and more.<\/p>\n<p>Koostisosad: sool (28%), t\u0161illi, k\u00fc\u00fcslauk, paprika, SELLER, happesuse regulaator: sidrunhape, porrulauk, v\u00fcrtsk\u00f6\u00f6mned, gl\u00fckoosisiirup.<\/p>","protected":false},"excerpt":{"rendered":"<p>Eriti terav mehhikop\u00e4rane v\u00fcrtsisegu paljudele erinevatele roogadele: nt pasta, pizza, chilli con carne, j\u00e4\u00e4tis jpm. Koostisosad: sool (28%), t\u0161illi, k\u00fc\u00fcslauk, paprika, SELLER, happesuse regulaator: sidrunhape, porrulauk, v\u00fcrtsk\u00f6\u00f6mned, gl\u00fckoosisiirup.<\/p>","protected":false},"featured_media":5905,"template":"","meta":[],"product_brand":[244],"product_cat":[307],"product_tag":[],"class_list":{"0":"post-854","1":"product","2":"type-product","3":"status-publish","4":"has-post-thumbnail","6":"product_brand-hela","7":"product_cat-maitseainesegud","9":"first","10":"instock","11":"sale","12":"taxable","13":"shipping-taxable","14":"purchasable","15":"product-type-simple"},"_links":{"self":[{"href":"https:\/\/pipraveski.ee\/en\/wp-json\/wp\/v2\/product\/854","targetHints":{"allow":["GET"]}}],"collection":[{"href":"https:\/\/pipraveski.ee\/en\/wp-json\/wp\/v2\/product"}],"about":[{"href":"https:\/\/pipraveski.ee\/en\/wp-json\/wp\/v2\/types\/product"}],"wp:featuredmedia":[{"embeddable":true,"href":"https:\/\/pipraveski.ee\/en\/wp-json\/wp\/v2\/media\/5905"}],"wp:attachment":[{"href":"https:\/\/pipraveski.ee\/en\/wp-json\/wp\/v2\/media?parent=854"}],"wp:term":[{"taxonomy":"product_brand","embeddable":true,"href":"https:\/\/pipraveski.ee\/en\/wp-json\/wp\/v2\/product_brand?post=854"},{"taxonomy":"product_cat","embeddable":true,"href":"https:\/\/pipraveski.ee\/en\/wp-json\/wp\/v2\/product_cat?post=854"},{"taxonomy":"product_tag","embeddable":true,"href":"https:\/\/pipraveski.ee\/en\/wp-json\/wp\/v2\/product_tag?post=854"}],"curies":[{"name":"wp","href":"https:\/\/api.w.org\/{rel}","templated":true}]}}