{"id":852,"date":"2025-10-22T19:03:54","date_gmt":"2025-10-22T16:03:54","guid":{"rendered":"https:\/\/pipraveski.ee\/?post_type=product&#038;p=852"},"modified":"2026-04-17T11:32:26","modified_gmt":"2026-04-17T08:32:26","slug":"instant-palak-paneer-tofu-280g","status":"publish","type":"product","link":"https:\/\/pipraveski.ee\/en\/product\/instant-palak-paneer-tofu-280g\/","title":{"rendered":"Instant Palak Paneer (Tofu), 280g"},"content":{"rendered":"<p>Valmib 3 minutiga, t\u0161illi teravuse hinnang \u2013 mahe.&nbsp;<br \/>\nGluteenivaba, kunstlike koostisaineteta, sobib veganitele<\/p>\n<p>Koostisained:&nbsp;Spinat, vesi, tofu (SOJApaneer {SOJAoad, vesi, sidrunhape, sool}), sibul, p\u00e4evalille\u00f5li, k\u00fc\u00fcslauk, kevadsibul, meloniseemned, tomat, ingver, koriander, maisit\u00e4rklis, sool, roheline t\u0161illi, suhkur, terve punane t\u0161illi, v\u00fcrtsid (koriander, loorber, t\u0161illi, leera Nelk, must kardemon, t\u00e4htaniis, apteegitill, kuivatatud ingver, sool ja k\u00f6\u00f6mned), k\u00f6\u00f6mned, kurkum, kaneel, kuivatatud lambal\u00e4\u00e4tse lehed, nelk, apteegitill.<\/p>\n<p>Asetage koti sisu kaussi ja kuumutage mikrolaineahjus 2 minutit. Maitsev jasmiiniriisi v\u00f5i India leibadega. Lisa v\u00e4rsket koriandrit v\u00f5i muid meelep\u00e4raseid \u00fcrte.<\/p>\n<p><span style=\"font-size: 13px\">Nutrition information per 100g:<\/span><br style=\"font-size: 13px\" \/><br \/>\n<span style=\"font-size: 13px\">Energiasisaldus 480 kJ \/ 115 kcal<\/span><br style=\"font-size: 13px\" \/><br \/>\n<span style=\"font-size: 13px\">Rasvad 6,7g<\/span><br style=\"font-size: 13px\" \/><br \/>\n<span style=\"font-size: 13px\">millest k\u00fcllastunud rasvhapped 1,8g<\/span><br style=\"font-size: 13px\" \/><br \/>\n<span style=\"font-size: 13px\">S\u00fcsivesikud 9,8 g<\/span><br style=\"font-size: 13px\" \/><br \/>\n<span style=\"font-size: 13px\">millest suhkrud 0,5 g<\/span><br style=\"font-size: 13px\" \/><br \/>\n<span style=\"font-size: 13px\">Valgud 1,0 g<\/span><br style=\"font-size: 13px\" \/><br \/>\n<span style=\"font-size: 13px\">Salt 0,8 g<\/span><\/p>","protected":false},"excerpt":{"rendered":"<p>Palak Paneer \u2013 spinatikarri Paneer juustuga<\/p>","protected":false},"featured_media":882,"template":"","meta":[],"product_brand":[],"product_cat":[312],"product_tag":[],"class_list":{"0":"post-852","1":"product","2":"type-product","3":"status-publish","4":"has-post-thumbnail","6":"product_cat-toiduks","8":"first","9":"outofstock","10":"taxable","11":"shipping-taxable","12":"purchasable","13":"product-type-simple"},"_links":{"self":[{"href":"https:\/\/pipraveski.ee\/en\/wp-json\/wp\/v2\/product\/852","targetHints":{"allow":["GET"]}}],"collection":[{"href":"https:\/\/pipraveski.ee\/en\/wp-json\/wp\/v2\/product"}],"about":[{"href":"https:\/\/pipraveski.ee\/en\/wp-json\/wp\/v2\/types\/product"}],"wp:featuredmedia":[{"embeddable":true,"href":"https:\/\/pipraveski.ee\/en\/wp-json\/wp\/v2\/media\/882"}],"wp:attachment":[{"href":"https:\/\/pipraveski.ee\/en\/wp-json\/wp\/v2\/media?parent=852"}],"wp:term":[{"taxonomy":"product_brand","embeddable":true,"href":"https:\/\/pipraveski.ee\/en\/wp-json\/wp\/v2\/product_brand?post=852"},{"taxonomy":"product_cat","embeddable":true,"href":"https:\/\/pipraveski.ee\/en\/wp-json\/wp\/v2\/product_cat?post=852"},{"taxonomy":"product_tag","embeddable":true,"href":"https:\/\/pipraveski.ee\/en\/wp-json\/wp\/v2\/product_tag?post=852"}],"curies":[{"name":"wp","href":"https:\/\/api.w.org\/{rel}","templated":true}]}}