{"id":846,"date":"2025-10-22T19:03:54","date_gmt":"2025-10-22T16:03:54","guid":{"rendered":"https:\/\/pipraveski.ee\/?post_type=product&#038;p=846"},"modified":"2026-04-17T11:31:42","modified_gmt":"2026-04-17T08:31:42","slug":"pilafi-maitseaine-nr-1-50g","status":"publish","type":"product","link":"https:\/\/pipraveski.ee\/en\/product\/pilafi-maitseaine-nr-1-50g\/","title":{"rendered":"Pilaf seasoning no 1, 50g"},"content":{"rendered":"<p>Seasoning for rice dishes (e.g. pilaf).<br \/>\nFeel free to add flavour to yoghurt sauces, meat dishes, couscous, plain rice, salads, sandwiches, and more.<\/p>\n<p>Ingredients: barbariss, spices, turmeric, coriander, chilli pepper.<\/p>","protected":false},"excerpt":{"rendered":"<p>Maitsesegu riisiroogade (nt. pilafi) valmistamiseks. Maitsesta julgelt ka jogurtikastmeid, liharoogi, kuskussi, lihtsalt riis, salateid, v\u00f5ileibu jpm. Koostisosad: barbariss, v\u00fcrtsk\u00f6\u00f6mned, kurkum, koriander, t\u0161illipipar.<\/p>","protected":false},"featured_media":876,"template":"","meta":[],"product_brand":[],"product_cat":[307],"product_tag":[],"class_list":{"0":"post-846","1":"product","2":"type-product","3":"status-publish","4":"has-post-thumbnail","6":"product_cat-maitseainesegud","8":"first","9":"instock","10":"taxable","11":"shipping-taxable","12":"purchasable","13":"product-type-simple"},"_links":{"self":[{"href":"https:\/\/pipraveski.ee\/en\/wp-json\/wp\/v2\/product\/846","targetHints":{"allow":["GET"]}}],"collection":[{"href":"https:\/\/pipraveski.ee\/en\/wp-json\/wp\/v2\/product"}],"about":[{"href":"https:\/\/pipraveski.ee\/en\/wp-json\/wp\/v2\/types\/product"}],"wp:featuredmedia":[{"embeddable":true,"href":"https:\/\/pipraveski.ee\/en\/wp-json\/wp\/v2\/media\/876"}],"wp:attachment":[{"href":"https:\/\/pipraveski.ee\/en\/wp-json\/wp\/v2\/media?parent=846"}],"wp:term":[{"taxonomy":"product_brand","embeddable":true,"href":"https:\/\/pipraveski.ee\/en\/wp-json\/wp\/v2\/product_brand?post=846"},{"taxonomy":"product_cat","embeddable":true,"href":"https:\/\/pipraveski.ee\/en\/wp-json\/wp\/v2\/product_cat?post=846"},{"taxonomy":"product_tag","embeddable":true,"href":"https:\/\/pipraveski.ee\/en\/wp-json\/wp\/v2\/product_tag?post=846"}],"curies":[{"name":"wp","href":"https:\/\/api.w.org\/{rel}","templated":true}]}}