{"id":812,"date":"2025-10-22T19:03:40","date_gmt":"2025-10-22T16:03:40","guid":{"rendered":"https:\/\/pipraveski.ee\/?post_type=product&#038;p=812"},"modified":"2026-04-17T11:32:52","modified_gmt":"2026-04-17T08:32:52","slug":"gyros-kreta-40g","status":"publish","type":"product","link":"https:\/\/pipraveski.ee\/en\/product\/gyros-kreta-40g\/","title":{"rendered":"Gyros Crete, HELA, 40g"},"content":{"rendered":"<p>A seasoning mix for making Greek-style kebabs, cutlets and meat dishes.<\/p>\n<p>Consumption standard: 20g per 1kg.<\/p>\n<p>Ingredients: mixed spices and herbs (incl. SINES flour, SELLER), salt, dextrose, flavour enhancer: E621, colour: E150c.<\/p>","protected":false},"excerpt":{"rendered":"<p>Maitsesegu kreekap\u00e4raste kebabide, kotlettide ja liharoogade valmistamiseks. Kulunorm: 20g 1kg kohta. Koostisosad: v\u00fcrtsi- ja maitsetaimede segu (sh SINEPIjahu, SELLER), sool, dekstroos, maitsetugevdaja: E621, v\u00e4rvaine: E150c.<\/p>","protected":false},"featured_media":843,"template":"","meta":[],"product_brand":[244],"product_cat":[307],"product_tag":[],"class_list":{"0":"post-812","1":"product","2":"type-product","3":"status-publish","4":"has-post-thumbnail","6":"product_brand-hela","7":"product_cat-maitseainesegud","9":"first","10":"instock","11":"sale","12":"taxable","13":"shipping-taxable","14":"purchasable","15":"product-type-simple"},"_links":{"self":[{"href":"https:\/\/pipraveski.ee\/en\/wp-json\/wp\/v2\/product\/812","targetHints":{"allow":["GET"]}}],"collection":[{"href":"https:\/\/pipraveski.ee\/en\/wp-json\/wp\/v2\/product"}],"about":[{"href":"https:\/\/pipraveski.ee\/en\/wp-json\/wp\/v2\/types\/product"}],"wp:featuredmedia":[{"embeddable":true,"href":"https:\/\/pipraveski.ee\/en\/wp-json\/wp\/v2\/media\/843"}],"wp:attachment":[{"href":"https:\/\/pipraveski.ee\/en\/wp-json\/wp\/v2\/media?parent=812"}],"wp:term":[{"taxonomy":"product_brand","embeddable":true,"href":"https:\/\/pipraveski.ee\/en\/wp-json\/wp\/v2\/product_brand?post=812"},{"taxonomy":"product_cat","embeddable":true,"href":"https:\/\/pipraveski.ee\/en\/wp-json\/wp\/v2\/product_cat?post=812"},{"taxonomy":"product_tag","embeddable":true,"href":"https:\/\/pipraveski.ee\/en\/wp-json\/wp\/v2\/product_tag?post=812"}],"curies":[{"name":"wp","href":"https:\/\/api.w.org\/{rel}","templated":true}]}}