{"id":810,"date":"2025-10-22T19:03:40","date_gmt":"2025-10-22T16:03:40","guid":{"rendered":"https:\/\/pipraveski.ee\/?post_type=product&#038;p=810"},"modified":"2026-04-17T11:33:24","modified_gmt":"2026-04-17T08:33:24","slug":"kartulimaitseaine-50g","status":"publish","type":"product","link":"https:\/\/pipraveski.ee\/en\/product\/kartulimaitseaine-50g\/","title":{"rendered":"Potato spice, HELA, 50g"},"content":{"rendered":"<p>The seasoning on the fried potatoes not only adds extra flavour to the dish, but also makes your dish crispy and beautifully golden.<br \/>\nSuggestion: also tastes great with other potato dishes.<\/p>\n<p>\nKoostisained: lauasool, sibul, maitsetugevdajad (E621 naatriumglutamaat 9%), dekstroos. Laktoos. P\u00e4rmiekstrakt, l\u00f5hna- ja maitseained, s\u00f6\u00f6davad v\u00fcrtsid (mais, rapsiseemned, SOJA),suitsuaroom, v\u00fcrtsid (sisaldab SELLERIT).&nbsp;<br \/>\n<strong>Suuremat pakendit soovides ootame teie e-kirju aadressile myyk@pipraveski.ee<\/strong><\/p>\n<p>\nNutrition information per 100g;<br \/>\nEnergy: 399 kJ \/ 95 kcal<br \/>\nFats: 1,1 g<br \/>\nof which saturated fatty acids: 0,7 g<br \/>\nCarbohydrates: 17 g<br \/>\nof which sugars: 15 g<br \/>\nProtein: 2,9 g<br \/>\nSalt: 72,0 g<\/p>","protected":false},"excerpt":{"rendered":"<p>Maitseaine praetud kartulitele ei anna mitte ainult toidule t\u00e4iendavat maitset vaid muudab teie roa kr\u00f5bedaks ja iluskas kuldkollaseks. Soovitus: maitseb suurep\u00e4raselt ka teiste kartuliroogadega. Koostisained: lauasool, sibul, maitsetugevdajad (E621 naatriumglutamaat 9%), dekstroos. Laktoos. P\u00e4rmiekstrakt, l\u00f5hna- ja maitseained, s\u00f6\u00f6davad v\u00fcrtsid (mais, rapsiseemned, SOJA),suitsuaroom, v\u00fcrtsid (sisaldab SELLERIT).&nbsp; Suuremat pakendit soovides ootame teie e-kirju aadressile myyk@pipraveski.ee Toitumisalane teave [&hellip;]<\/p>\n","protected":false},"featured_media":5961,"template":"","meta":[],"product_brand":[],"product_cat":[307],"product_tag":[],"class_list":{"0":"post-810","1":"product","2":"type-product","3":"status-publish","4":"has-post-thumbnail","6":"product_cat-maitseainesegud","8":"first","9":"instock","10":"sale","11":"taxable","12":"shipping-taxable","13":"purchasable","14":"product-type-simple"},"_links":{"self":[{"href":"https:\/\/pipraveski.ee\/en\/wp-json\/wp\/v2\/product\/810","targetHints":{"allow":["GET"]}}],"collection":[{"href":"https:\/\/pipraveski.ee\/en\/wp-json\/wp\/v2\/product"}],"about":[{"href":"https:\/\/pipraveski.ee\/en\/wp-json\/wp\/v2\/types\/product"}],"wp:featuredmedia":[{"embeddable":true,"href":"https:\/\/pipraveski.ee\/en\/wp-json\/wp\/v2\/media\/5961"}],"wp:attachment":[{"href":"https:\/\/pipraveski.ee\/en\/wp-json\/wp\/v2\/media?parent=810"}],"wp:term":[{"taxonomy":"product_brand","embeddable":true,"href":"https:\/\/pipraveski.ee\/en\/wp-json\/wp\/v2\/product_brand?post=810"},{"taxonomy":"product_cat","embeddable":true,"href":"https:\/\/pipraveski.ee\/en\/wp-json\/wp\/v2\/product_cat?post=810"},{"taxonomy":"product_tag","embeddable":true,"href":"https:\/\/pipraveski.ee\/en\/wp-json\/wp\/v2\/product_tag?post=810"}],"curies":[{"name":"wp","href":"https:\/\/api.w.org\/{rel}","templated":true}]}}