{"id":802,"date":"2025-10-22T19:03:39","date_gmt":"2025-10-22T16:03:39","guid":{"rendered":"https:\/\/pipraveski.ee\/?post_type=product&#038;p=802"},"modified":"2026-04-17T11:31:49","modified_gmt":"2026-04-17T08:31:49","slug":"thai-pad-thai-nuudlite-vurtsipasta-ahg-50g","status":"publish","type":"product","link":"https:\/\/pipraveski.ee\/en\/product\/thai-pad-thai-nuudlite-vurtsipasta-ahg-50g\/","title":{"rendered":"Thai Pad Thai noodle spice paste, AHG, 50g"},"content":{"rendered":"<p>See segu v\u00f5imaldab teil luua autentseid Tai nuudleid tasakaalustatud magusa, soolase ja hapu maitsega, mis sobib ideaalselt kiireks ja maitsvaks eineks.<\/p>\n<p>Koostisosad: suhkur, SOJAoa\u00f5li, k\u00fc\u00fcslauk, KALAkaste( AN\u017dOOVISe ekstrakt, sool, vesi, suhkur), tamarind, sool, destilleeritud \u00e4\u00e4dikas, paprika, happesuse regulaator: sidrunhape.<\/p>\n<p><span style=\"font-size: 13px\">Nutrition information per 100g:<\/span><br style=\"font-size: 13px\" \/><br \/>\n<span style=\"font-size: 13px\">Energiasisaldus 1272 kJ \/ 304 kcal<\/span><br style=\"font-size: 13px\" \/><br \/>\n<span style=\"font-size: 13px\">Rasvad 14g<\/span><br style=\"font-size: 13px\" \/><br \/>\n<span style=\"font-size: 13px\">of which saturated fatty acids 0,2g<\/span><br style=\"font-size: 13px\" \/><br \/>\n<span style=\"font-size: 13px\">Carbohydrates 40 g<\/span><br style=\"font-size: 13px\" \/><br \/>\n<span style=\"font-size: 13px\">of which sugars 34 g<\/span><br style=\"font-size: 13px\" \/><br \/>\n<span style=\"font-size: 13px\">Valgud 3 g<\/span><br style=\"font-size: 13px\" \/><br \/>\n<span style=\"font-size: 13px\">Sool 5,5 g<\/p>\n<p>Country of origin: Thailand<\/span><\/p>","protected":false},"excerpt":{"rendered":"<p>Maitseainesegu traditsiooniliste Tai Pad Thai nuudlite valmistamiseks. <\/p>","protected":false},"featured_media":833,"template":"","meta":[],"product_brand":[],"product_cat":[308],"product_tag":[],"class_list":{"0":"post-802","1":"product","2":"type-product","3":"status-publish","4":"has-post-thumbnail","6":"product_cat-maitseaine-pastad-kastmed","8":"first","9":"instock","10":"taxable","11":"shipping-taxable","12":"purchasable","13":"product-type-simple"},"_links":{"self":[{"href":"https:\/\/pipraveski.ee\/en\/wp-json\/wp\/v2\/product\/802","targetHints":{"allow":["GET"]}}],"collection":[{"href":"https:\/\/pipraveski.ee\/en\/wp-json\/wp\/v2\/product"}],"about":[{"href":"https:\/\/pipraveski.ee\/en\/wp-json\/wp\/v2\/types\/product"}],"wp:featuredmedia":[{"embeddable":true,"href":"https:\/\/pipraveski.ee\/en\/wp-json\/wp\/v2\/media\/833"}],"wp:attachment":[{"href":"https:\/\/pipraveski.ee\/en\/wp-json\/wp\/v2\/media?parent=802"}],"wp:term":[{"taxonomy":"product_brand","embeddable":true,"href":"https:\/\/pipraveski.ee\/en\/wp-json\/wp\/v2\/product_brand?post=802"},{"taxonomy":"product_cat","embeddable":true,"href":"https:\/\/pipraveski.ee\/en\/wp-json\/wp\/v2\/product_cat?post=802"},{"taxonomy":"product_tag","embeddable":true,"href":"https:\/\/pipraveski.ee\/en\/wp-json\/wp\/v2\/product_tag?post=802"}],"curies":[{"name":"wp","href":"https:\/\/api.w.org\/{rel}","templated":true}]}}