{"id":801,"date":"2025-10-22T19:03:39","date_gmt":"2025-10-22T16:03:39","guid":{"rendered":"https:\/\/pipraveski.ee\/?post_type=product&#038;p=801"},"modified":"2026-04-17T11:33:07","modified_gmt":"2026-04-17T08:33:07","slug":"pektiin-ouna-1kg","status":"publish","type":"product","link":"https:\/\/pipraveski.ee\/en\/product\/pektiin-ouna-1kg\/","title":{"rendered":"Pectin, apple, 1kg"},"content":{"rendered":"<p>This apple pectin is mainly used to make cut jams, etc.<\/p>\n<p><span style=\"font-size:12px\"><span style=\", Times, serif\">Pectin is a polysaccharide (chemical compound) that some plants contain. It is particularly abundant in fruits and seaweeds. In the food industry, this additive is actively used as a thickener in gelling products. Marmalade, marshmallows, condensed milk, jelly, jellies - all these treats contain pectic substances.<br \/>\nNowadays, apple pectin, which is the most useful and highest quality, is particularly well known. In widespread use, this product is produced in two forms.<\/span><\/span><\/p>\n<p>Ingredients: apple pectin E440, sodium citrate E331, dextrose.<\/p>\n<p>Store in a dry, dark and cool place.<\/p>","protected":false},"excerpt":{"rendered":"<p>Seda \u00f5unapektiini kasutatakse peamiselt l\u00f5igatud marmelaadide valmistamiseks jne. Pektiin on pol\u00fcsahhariid (keemiline \u00fchend), mida m\u00f5ned taimed sisaldavad. Eriti palju ainet puuviljades ja merevetikates. Toiduainet\u00f6\u00f6stuses kasutatakse seda lisaainet aktiivselt geelistuvate toodete paksendajana. Marmelaad, vahukommid, kontiin, tarretis, tarretis \u2013 k\u00f5ik need maiuspalad sisaldavad pektiinseid aineid. T\u00e4nap\u00e4eval on eriti tuntud \u00f5unapektiin, mis on k\u00f5ige kasulikum ja kvaliteetsem. Laialdasel [&hellip;]<\/p>\n","protected":false},"featured_media":832,"template":"","meta":[],"product_brand":[],"product_cat":[311],"product_tag":[],"class_list":{"0":"post-801","1":"product","2":"type-product","3":"status-publish","4":"has-post-thumbnail","6":"product_cat-tekstuuriparandajad","8":"first","9":"instock","10":"taxable","11":"shipping-taxable","12":"purchasable","13":"product-type-simple"},"_links":{"self":[{"href":"https:\/\/pipraveski.ee\/en\/wp-json\/wp\/v2\/product\/801","targetHints":{"allow":["GET"]}}],"collection":[{"href":"https:\/\/pipraveski.ee\/en\/wp-json\/wp\/v2\/product"}],"about":[{"href":"https:\/\/pipraveski.ee\/en\/wp-json\/wp\/v2\/types\/product"}],"wp:featuredmedia":[{"embeddable":true,"href":"https:\/\/pipraveski.ee\/en\/wp-json\/wp\/v2\/media\/832"}],"wp:attachment":[{"href":"https:\/\/pipraveski.ee\/en\/wp-json\/wp\/v2\/media?parent=801"}],"wp:term":[{"taxonomy":"product_brand","embeddable":true,"href":"https:\/\/pipraveski.ee\/en\/wp-json\/wp\/v2\/product_brand?post=801"},{"taxonomy":"product_cat","embeddable":true,"href":"https:\/\/pipraveski.ee\/en\/wp-json\/wp\/v2\/product_cat?post=801"},{"taxonomy":"product_tag","embeddable":true,"href":"https:\/\/pipraveski.ee\/en\/wp-json\/wp\/v2\/product_tag?post=801"}],"curies":[{"name":"wp","href":"https:\/\/api.w.org\/{rel}","templated":true}]}}