{"id":798,"date":"2025-10-22T19:03:39","date_gmt":"2025-10-22T16:03:39","guid":{"rendered":"https:\/\/pipraveski.ee\/?post_type=product&#038;p=798"},"modified":"2026-04-17T11:32:33","modified_gmt":"2026-04-17T08:32:33","slug":"kaste-hoisin-lkk-397g","status":"publish","type":"product","link":"https:\/\/pipraveski.ee\/en\/product\/kaste-hoisin-lkk-397g\/","title":{"rendered":"Sauce, Hoisin, LKK, 397g"},"content":{"rendered":"<p>Hoisini kaste Lee Kum Kee br\u00e4ndilt sobib Pekingi pardile, kevadrullidele, kanale, wokkidele ja dipi kastmeks.<\/p>\n<p>Koostisosad: suhkur, vesi, fermenteeritud SOJAubade pasta (vesi, sool, SOJAoad, NISUjahu), sool, kuivatatud maguskartul, v\u00e4rvaine: E150a, modifitseeritud maisi t\u00e4rklis, kuivatatud k\u00fc\u00fcslauk, SEESAMI pasta, v\u00fcrtsid, soolatud t\u0161illikaunad, happesuse regulaator: \u00e4\u00e4dikhape.<\/p>\n<p>Nutrition information per 100g:<br \/>\nEnergiasisaldus 956kJ\/226kcal<br \/>\nRasvad 1,2g<br \/>\nof which saturated fatty acids 0,2g<br \/>\nS\u00fcsivesikud 51g<br \/>\nmillest suhkrud 49g<br \/>\nValgud 1,7g<br \/>\nSool 6,9g<\/p>\n<p>Country of origin: China<\/p>","protected":false},"excerpt":{"rendered":"<p>Pekingi pardile, kevadrullidele, kanale, wokkidele jms.<\/p>","protected":false},"featured_media":829,"template":"","meta":[],"product_brand":[242],"product_cat":[317],"product_tag":[],"class_list":{"0":"post-798","1":"product","2":"type-product","3":"status-publish","4":"has-post-thumbnail","6":"product_brand-lee-kum-kee","7":"product_cat-kastmed-sinepid-tsatnid","9":"first","10":"instock","11":"taxable","12":"shipping-taxable","13":"purchasable","14":"product-type-simple"},"_links":{"self":[{"href":"https:\/\/pipraveski.ee\/en\/wp-json\/wp\/v2\/product\/798","targetHints":{"allow":["GET"]}}],"collection":[{"href":"https:\/\/pipraveski.ee\/en\/wp-json\/wp\/v2\/product"}],"about":[{"href":"https:\/\/pipraveski.ee\/en\/wp-json\/wp\/v2\/types\/product"}],"wp:featuredmedia":[{"embeddable":true,"href":"https:\/\/pipraveski.ee\/en\/wp-json\/wp\/v2\/media\/829"}],"wp:attachment":[{"href":"https:\/\/pipraveski.ee\/en\/wp-json\/wp\/v2\/media?parent=798"}],"wp:term":[{"taxonomy":"product_brand","embeddable":true,"href":"https:\/\/pipraveski.ee\/en\/wp-json\/wp\/v2\/product_brand?post=798"},{"taxonomy":"product_cat","embeddable":true,"href":"https:\/\/pipraveski.ee\/en\/wp-json\/wp\/v2\/product_cat?post=798"},{"taxonomy":"product_tag","embeddable":true,"href":"https:\/\/pipraveski.ee\/en\/wp-json\/wp\/v2\/product_tag?post=798"}],"curies":[{"name":"wp","href":"https:\/\/api.w.org\/{rel}","templated":true}]}}