{"id":793,"date":"2025-10-22T19:03:39","date_gmt":"2025-10-22T16:03:39","guid":{"rendered":"https:\/\/pipraveski.ee\/?post_type=product&#038;p=793"},"modified":"2026-04-17T11:32:14","modified_gmt":"2026-04-17T08:32:14","slug":"kuivainete-hoiupurk-glory-matt-hobe","status":"publish","type":"product","link":"https:\/\/pipraveski.ee\/en\/product\/kuivainete-hoiupurk-glory-matt-hobe\/","title":{"rendered":"Dry goods storage jar \u201cGlory\u201d, matt silver"},"content":{"rendered":"<p>See mati pinnaviimistlusega plekk s\u00e4rab trendikas h\u00f5bedases v\u00e4rvitoonis. See purk sobib ideaalselt \u00fcksikute teepakendite jaoks.&nbsp;<\/p>\n<p>&nbsp;\u00d8 6,5 cm, 130g<\/p>","protected":false},"excerpt":{"rendered":"<p> \u00d8 6,5 cm, 130g<\/p>","protected":false},"featured_media":824,"template":"","meta":[],"product_brand":[239],"product_cat":[330],"product_tag":[],"class_list":{"0":"post-793","1":"product","2":"type-product","3":"status-publish","4":"has-post-thumbnail","6":"product_brand-chacult-gmbh","7":"product_cat-koogitarvikud","9":"first","10":"instock","11":"taxable","12":"shipping-taxable","13":"purchasable","14":"product-type-simple"},"_links":{"self":[{"href":"https:\/\/pipraveski.ee\/en\/wp-json\/wp\/v2\/product\/793","targetHints":{"allow":["GET"]}}],"collection":[{"href":"https:\/\/pipraveski.ee\/en\/wp-json\/wp\/v2\/product"}],"about":[{"href":"https:\/\/pipraveski.ee\/en\/wp-json\/wp\/v2\/types\/product"}],"wp:featuredmedia":[{"embeddable":true,"href":"https:\/\/pipraveski.ee\/en\/wp-json\/wp\/v2\/media\/824"}],"wp:attachment":[{"href":"https:\/\/pipraveski.ee\/en\/wp-json\/wp\/v2\/media?parent=793"}],"wp:term":[{"taxonomy":"product_brand","embeddable":true,"href":"https:\/\/pipraveski.ee\/en\/wp-json\/wp\/v2\/product_brand?post=793"},{"taxonomy":"product_cat","embeddable":true,"href":"https:\/\/pipraveski.ee\/en\/wp-json\/wp\/v2\/product_cat?post=793"},{"taxonomy":"product_tag","embeddable":true,"href":"https:\/\/pipraveski.ee\/en\/wp-json\/wp\/v2\/product_tag?post=793"}],"curies":[{"name":"wp","href":"https:\/\/api.w.org\/{rel}","templated":true}]}}