{"id":787,"date":"2025-10-22T19:03:39","date_gmt":"2025-10-22T16:03:39","guid":{"rendered":"https:\/\/pipraveski.ee\/?post_type=product&#038;p=787"},"modified":"2026-04-17T11:32:50","modified_gmt":"2026-04-17T08:32:50","slug":"salsa-harissa-vurtsisegu-40g","status":"publish","type":"product","link":"https:\/\/pipraveski.ee\/en\/product\/salsa-harissa-vurtsisegu-40g\/","title":{"rendered":"Salsa Harissa spice mix, 40g"},"content":{"rendered":"<p>Salsa Harissa v\u00fcrtsisegu.<br \/>\nParajalt v\u00fcrtsikas ja maitsek\u00fcllane segu kerge salsakastme valmistamiseks.<\/p>\n<p>Salsa retsept:<br \/>\n40g v\u00fcrtsisegu + purk (ca 400ml) purustatud tomateid + 3 spl oliivi\u00f5li + 3 spl tomatip\u00fcreed.<\/p>\n<p>Koostisosad: v\u00fcrtsk\u00f6\u00f6mned, paprika, koriander, suhkur, k\u00fc\u00fcslauk, meresool, chipotle t\u0161illi, must pipar, l\u00f5hna- ja maitseained.<br \/>\n<strong>Suuremat pakendit soovides ootame teie e-kirju aadressile myyk@pipraveski.ee<\/strong><\/p>","protected":false},"excerpt":{"rendered":"<p>Salsa Harissa v\u00fcrtsisegu. Parajalt v\u00fcrtsikas ja maitsek\u00fcllane segu kerge salsakastme valmistamiseks. Salsa retsept: 40g v\u00fcrtsisegu + purk (ca 400ml) purustatud tomateid + 3 spl oliivi\u00f5li + 3 spl tomatip\u00fcreed. Koostisosad: v\u00fcrtsk\u00f6\u00f6mned, paprika, koriander, suhkur, k\u00fc\u00fcslauk, meresool, chipotle t\u0161illi, must pipar, l\u00f5hna- ja maitseained. Suuremat pakendit soovides ootame teie e-kirju aadressile myyk@pipraveski.ee<\/p>","protected":false},"featured_media":817,"template":"","meta":[],"product_brand":[],"product_cat":[307],"product_tag":[],"class_list":{"0":"post-787","1":"product","2":"type-product","3":"status-publish","4":"has-post-thumbnail","6":"product_cat-maitseainesegud","8":"first","9":"outofstock","10":"sale","11":"taxable","12":"shipping-taxable","13":"purchasable","14":"product-type-simple"},"_links":{"self":[{"href":"https:\/\/pipraveski.ee\/en\/wp-json\/wp\/v2\/product\/787","targetHints":{"allow":["GET"]}}],"collection":[{"href":"https:\/\/pipraveski.ee\/en\/wp-json\/wp\/v2\/product"}],"about":[{"href":"https:\/\/pipraveski.ee\/en\/wp-json\/wp\/v2\/types\/product"}],"wp:featuredmedia":[{"embeddable":true,"href":"https:\/\/pipraveski.ee\/en\/wp-json\/wp\/v2\/media\/817"}],"wp:attachment":[{"href":"https:\/\/pipraveski.ee\/en\/wp-json\/wp\/v2\/media?parent=787"}],"wp:term":[{"taxonomy":"product_brand","embeddable":true,"href":"https:\/\/pipraveski.ee\/en\/wp-json\/wp\/v2\/product_brand?post=787"},{"taxonomy":"product_cat","embeddable":true,"href":"https:\/\/pipraveski.ee\/en\/wp-json\/wp\/v2\/product_cat?post=787"},{"taxonomy":"product_tag","embeddable":true,"href":"https:\/\/pipraveski.ee\/en\/wp-json\/wp\/v2\/product_tag?post=787"}],"curies":[{"name":"wp","href":"https:\/\/api.w.org\/{rel}","templated":true}]}}