{"id":785,"date":"2025-10-22T19:03:39","date_gmt":"2025-10-22T16:03:39","guid":{"rendered":"https:\/\/pipraveski.ee\/?post_type=product&#038;p=785"},"modified":"2026-04-17T11:32:05","modified_gmt":"2026-04-17T08:32:05","slug":"tsilli-jahvatatud-100g","status":"publish","type":"product","link":"https:\/\/pipraveski.ee\/en\/product\/tsilli-jahvatatud-100g\/","title":{"rendered":"T\u0161illi, jahvatatud, HELA, 100g"},"content":{"rendered":"<p>T\u0161illipipar, mis on tuntud oma tulise teravuse poolest.Sobib ideaalselt v\u00fcrtsikatele roogadele ja&nbsp; linnu-, veise- v\u00f5i sealiha maitsestamiseks. Kasutatakse ka karriroogade ja loomulikult chili con carne maitsestamiseks.<\/p>","protected":false},"excerpt":{"rendered":"<p>T\u0161illipipar, mis on tuntud oma tulise teravuse poolest.Sobib ideaalselt v\u00fcrtsikatele roogadele ja&nbsp; linnu-, veise- v\u00f5i sealiha maitsestamiseks. Kasutatakse ka karriroogade ja loomulikult chili con carne maitsestamiseks.<\/p>","protected":false},"featured_media":815,"template":"","meta":[],"product_brand":[244],"product_cat":[338],"product_tag":[],"class_list":{"0":"post-785","1":"product","2":"type-product","3":"status-publish","4":"has-post-thumbnail","6":"product_brand-hela","7":"product_cat-puhtad-maitsed","9":"first","10":"instock","11":"taxable","12":"shipping-taxable","13":"purchasable","14":"product-type-simple"},"_links":{"self":[{"href":"https:\/\/pipraveski.ee\/en\/wp-json\/wp\/v2\/product\/785","targetHints":{"allow":["GET"]}}],"collection":[{"href":"https:\/\/pipraveski.ee\/en\/wp-json\/wp\/v2\/product"}],"about":[{"href":"https:\/\/pipraveski.ee\/en\/wp-json\/wp\/v2\/types\/product"}],"wp:featuredmedia":[{"embeddable":true,"href":"https:\/\/pipraveski.ee\/en\/wp-json\/wp\/v2\/media\/815"}],"wp:attachment":[{"href":"https:\/\/pipraveski.ee\/en\/wp-json\/wp\/v2\/media?parent=785"}],"wp:term":[{"taxonomy":"product_brand","embeddable":true,"href":"https:\/\/pipraveski.ee\/en\/wp-json\/wp\/v2\/product_brand?post=785"},{"taxonomy":"product_cat","embeddable":true,"href":"https:\/\/pipraveski.ee\/en\/wp-json\/wp\/v2\/product_cat?post=785"},{"taxonomy":"product_tag","embeddable":true,"href":"https:\/\/pipraveski.ee\/en\/wp-json\/wp\/v2\/product_tag?post=785"}],"curies":[{"name":"wp","href":"https:\/\/api.w.org\/{rel}","templated":true}]}}