{"id":783,"date":"2025-10-22T19:03:39","date_gmt":"2025-10-22T16:03:39","guid":{"rendered":"https:\/\/pipraveski.ee\/?post_type=product&#038;p=783"},"modified":"2026-04-17T11:32:58","modified_gmt":"2026-04-17T08:32:58","slug":"apelsinikoor-purustatud-50g","status":"publish","type":"product","link":"https:\/\/pipraveski.ee\/en\/product\/apelsinikoor-purustatud-50g\/","title":{"rendered":"Orange peel, crushed, 50g"},"content":{"rendered":"<p>Kuivatatud apelsinikoore t\u00fckid sobivad h\u00e4sti tee, h\u00f5\u00f5gveini vms jookide sisse, ka n\u00e4iteks maitse\u00f5li valmistamiseks &#8211; annavad hea aroomi ja maitse.<br \/>\nV\u00f5ib ka jahvatada ja maitsestada n\u00e4iteks marinaade kanale v\u00f5i kalale, maitsesoola valmistamiseks, k\u00fcpsetistesse jpm kuhu on soovi anda apelsini h\u00f5rku maitset.<\/p>\n<p>Koostisosad: 100% kuivatatud apelsinikoored.<br \/>\n<strong>Suuremat pakendit soovides ootame teie e-kirju aadressile myyk@pipraveski.ee<\/strong><br \/>\n&nbsp;<\/p>","protected":false},"excerpt":{"rendered":"<p>H\u00f5\u00f5gveinile, teele, jookidele jmt.<\/p>","protected":false},"featured_media":813,"template":"","meta":[],"product_brand":[],"product_cat":[338],"product_tag":[],"class_list":{"0":"post-783","1":"product","2":"type-product","3":"status-publish","4":"has-post-thumbnail","6":"product_cat-puhtad-maitsed","8":"first","9":"instock","10":"taxable","11":"shipping-taxable","12":"purchasable","13":"product-type-simple"},"_links":{"self":[{"href":"https:\/\/pipraveski.ee\/en\/wp-json\/wp\/v2\/product\/783","targetHints":{"allow":["GET"]}}],"collection":[{"href":"https:\/\/pipraveski.ee\/en\/wp-json\/wp\/v2\/product"}],"about":[{"href":"https:\/\/pipraveski.ee\/en\/wp-json\/wp\/v2\/types\/product"}],"wp:featuredmedia":[{"embeddable":true,"href":"https:\/\/pipraveski.ee\/en\/wp-json\/wp\/v2\/media\/813"}],"wp:attachment":[{"href":"https:\/\/pipraveski.ee\/en\/wp-json\/wp\/v2\/media?parent=783"}],"wp:term":[{"taxonomy":"product_brand","embeddable":true,"href":"https:\/\/pipraveski.ee\/en\/wp-json\/wp\/v2\/product_brand?post=783"},{"taxonomy":"product_cat","embeddable":true,"href":"https:\/\/pipraveski.ee\/en\/wp-json\/wp\/v2\/product_cat?post=783"},{"taxonomy":"product_tag","embeddable":true,"href":"https:\/\/pipraveski.ee\/en\/wp-json\/wp\/v2\/product_tag?post=783"}],"curies":[{"name":"wp","href":"https:\/\/api.w.org\/{rel}","templated":true}]}}