{"id":748,"date":"2025-10-22T19:03:22","date_gmt":"2025-10-22T16:03:22","guid":{"rendered":"https:\/\/pipraveski.ee\/?post_type=product&#038;p=748"},"modified":"2026-04-17T11:32:51","modified_gmt":"2026-04-17T08:32:51","slug":"vetikas-wakame-10g","status":"publish","type":"product","link":"https:\/\/pipraveski.ee\/en\/product\/vetikas-wakame-10g\/","title":{"rendered":"Vetikas, Wakame, 10g"},"content":{"rendered":"<p>Wakame on soolakas-magusa maitsega merevetikas mida lisatakse suppidesse, salatitesse. Wakame vetikat kasutatakse v\u00e4ga laialdaselt jaapani ning aasia k\u00f6\u00f6gis.<br \/>\nJahvatatud wakamet kasutatakse vahest n\u00e4iteks ka soola asendajana.<\/p>\n<p>Kasutamine misosupis: leota vees kuni vetikas on paisunud. Lisa 1-le kausile 1spl.<\/p>\n<p>Salatites: r\u00f6sti vetikat, purusta t\u00fckikesteks ja raputa salatile.&nbsp;<\/p>\n<p>Mitte kasutada \u00fcle 4g p\u00e4evas, kuna vetikas sisaldab palju joodi!<br \/>\nEi soovitata lastele, rasedatele ja kilpn\u00e4\u00e4rmehaigetele.<\/p>","protected":false},"excerpt":{"rendered":"<p>Soolakas-magusa maitsega merevetikas mida lisatakse suppidesse, salatitesse.<\/p>","protected":false},"featured_media":779,"template":"","meta":[],"product_brand":[],"product_cat":[321],"product_tag":[],"class_list":{"0":"post-748","1":"product","2":"type-product","3":"status-publish","4":"has-post-thumbnail","6":"product_cat-seemned-marjad-seened-jmt","8":"first","9":"instock","10":"taxable","11":"shipping-taxable","12":"purchasable","13":"product-type-simple"},"_links":{"self":[{"href":"https:\/\/pipraveski.ee\/en\/wp-json\/wp\/v2\/product\/748","targetHints":{"allow":["GET"]}}],"collection":[{"href":"https:\/\/pipraveski.ee\/en\/wp-json\/wp\/v2\/product"}],"about":[{"href":"https:\/\/pipraveski.ee\/en\/wp-json\/wp\/v2\/types\/product"}],"wp:featuredmedia":[{"embeddable":true,"href":"https:\/\/pipraveski.ee\/en\/wp-json\/wp\/v2\/media\/779"}],"wp:attachment":[{"href":"https:\/\/pipraveski.ee\/en\/wp-json\/wp\/v2\/media?parent=748"}],"wp:term":[{"taxonomy":"product_brand","embeddable":true,"href":"https:\/\/pipraveski.ee\/en\/wp-json\/wp\/v2\/product_brand?post=748"},{"taxonomy":"product_cat","embeddable":true,"href":"https:\/\/pipraveski.ee\/en\/wp-json\/wp\/v2\/product_cat?post=748"},{"taxonomy":"product_tag","embeddable":true,"href":"https:\/\/pipraveski.ee\/en\/wp-json\/wp\/v2\/product_tag?post=748"}],"curies":[{"name":"wp","href":"https:\/\/api.w.org\/{rel}","templated":true}]}}