{"id":747,"date":"2025-10-22T19:03:22","date_gmt":"2025-10-22T16:03:22","guid":{"rendered":"https:\/\/pipraveski.ee\/?post_type=product&#038;p=747"},"modified":"2026-04-17T11:32:58","modified_gmt":"2026-04-17T08:32:58","slug":"kampotipipar-must-50g","status":"publish","type":"product","link":"https:\/\/pipraveski.ee\/en\/product\/kampotipipar-must-50g\/","title":{"rendered":"Kampotipipar, must, 50g"},"content":{"rendered":"<p>Kampot black pepper has a strong and delicate aroma. The flavour, which can vary from intensely spicy to slightly sweet, has hints of flowers, eucalyptus and mint. Black pepper goes well with all types of dishes.<\/p>\n<p><span style=\"font-size: 12px\"><span style=\"font-family: Roboto, sans-serif\">Nutrition information per 100g:<\/span><\/span><br \/>\n<span style=\"font-size: 14px\"><span style=\"font-size: 12px\"><span style=\"font-family: Roboto, sans-serif\">Energy value, 304kcal\/<\/span><span style=\"font-family: Roboto, sans-serif\">1280kj<\/span><br style=\"font-family: Roboto, sans-serif;font-size: 18px\" \/><br \/>\n<span style=\"font-family: Roboto, sans-serif\">Fats 3g<\/span><br style=\"font-family: Roboto, sans-serif;font-size: 18px\" \/><br \/>\n<span style=\"font-family: Roboto, sans-serif\">of which saturated fats 0g<\/span><br style=\"font-family: Roboto, sans-serif;font-size: 18px\" \/><br \/>\n<span style=\"font-family: Roboto, sans-serif\">Carbohydrates 44,5g<\/span><br style=\"font-family: Roboto, sans-serif;font-size: 18px\" \/><br \/>\n<span style=\"font-family: Roboto, sans-serif\">of which sugars 0g<\/span><br style=\"font-family: Roboto, sans-serif;font-size: 18px\" \/><br \/>\n<span style=\"font-family: Roboto, sans-serif\">Fibre 0g<\/span><br style=\"font-family: Roboto, sans-serif;font-size: 18px\" \/><br \/>\n<span style=\"font-family: Roboto, sans-serif\">Protein 10,9g<\/span><\/span><br style=\"font-family: Roboto, sans-serif;font-size: 18px\" \/><br \/>\n<span style=\"font-family: Roboto, sans-serif\"><span style=\"font-size: 12px\">Salt 0g<\/span><\/span><\/span><\/p>\n<p>Country of origin: Cambodia.<\/p>","protected":false},"excerpt":{"rendered":"<p>Kampoti must pipar on tugeva ja \u00f5rna aroomiga. Maitses, mis v\u00f5ib varieeruda intensiivselt v\u00fcrtsikast kuni \u00f5rnalt magusani, on tunda lillede, eukal\u00fcpti ja piparm\u00fcndi n\u00fcansse. Must pipar sobib h\u00e4sti igat t\u00fc\u00fcpi roogadega Toitumisalane teave 100g kohta: Energiasisaldus, 304kcal\/1280kj Rasvad 3g millest k\u00fcllastunud rasvad 0g S\u00fcsivesikuid 44,5g millest suhkruid 0g Kiudaineid 0g Valgud 10,9g Sool 0g P\u00e4ritolumaa: [&hellip;]<\/p>\n","protected":false},"featured_media":778,"template":"","meta":[],"product_brand":[],"product_cat":[338],"product_tag":[],"class_list":{"0":"post-747","1":"product","2":"type-product","3":"status-publish","4":"has-post-thumbnail","6":"product_cat-puhtad-maitsed","8":"first","9":"instock","10":"taxable","11":"shipping-taxable","12":"purchasable","13":"product-type-simple"},"_links":{"self":[{"href":"https:\/\/pipraveski.ee\/en\/wp-json\/wp\/v2\/product\/747","targetHints":{"allow":["GET"]}}],"collection":[{"href":"https:\/\/pipraveski.ee\/en\/wp-json\/wp\/v2\/product"}],"about":[{"href":"https:\/\/pipraveski.ee\/en\/wp-json\/wp\/v2\/types\/product"}],"wp:featuredmedia":[{"embeddable":true,"href":"https:\/\/pipraveski.ee\/en\/wp-json\/wp\/v2\/media\/778"}],"wp:attachment":[{"href":"https:\/\/pipraveski.ee\/en\/wp-json\/wp\/v2\/media?parent=747"}],"wp:term":[{"taxonomy":"product_brand","embeddable":true,"href":"https:\/\/pipraveski.ee\/en\/wp-json\/wp\/v2\/product_brand?post=747"},{"taxonomy":"product_cat","embeddable":true,"href":"https:\/\/pipraveski.ee\/en\/wp-json\/wp\/v2\/product_cat?post=747"},{"taxonomy":"product_tag","embeddable":true,"href":"https:\/\/pipraveski.ee\/en\/wp-json\/wp\/v2\/product_tag?post=747"}],"curies":[{"name":"wp","href":"https:\/\/api.w.org\/{rel}","templated":true}]}}