{"id":743,"date":"2025-10-22T19:03:22","date_gmt":"2025-10-22T16:03:22","guid":{"rendered":"https:\/\/pipraveski.ee\/?post_type=product&#038;p=743"},"modified":"2026-04-17T11:32:09","modified_gmt":"2026-04-17T08:32:09","slug":"truff-stuff-hot-kaste-100ml","status":"publish","type":"product","link":"https:\/\/pipraveski.ee\/en\/product\/truff-stuff-hot-kaste-100ml\/","title":{"rendered":"Truff Stuff hot sauce, 100ml"},"content":{"rendered":"<p>TRUFF STUFF &#8211; peen tr\u00fchvel t\u00e4idlaste t\u0161illidega.<br \/>\nScovilla Finest TRUFF STUFF oma tulise v\u00fcrtsikusega on ideaalne t\u00e4iustus pastaroogadele ja kergele toidule.<\/p>\n<ul>\n<li>Vegan<\/li>\n<li>laktoosivaba<\/li>\n<li>gluteenivaba<\/li>\n<\/ul>\n<p>Enne kasutamist loksutada. P\u00e4rast avamist hoida jahedas kohas.<\/p>\n<p><strong>Ingredients:&nbsp;<\/strong>Vesi, destilleeritud \u00e4\u00e4dikas, t\u0161illi, toor-roosuhkur, sool, k\u00fc\u00fcslauk, tr\u00fchvli\u00f5li 1% (p\u00e4evalille\u00f5li, tr\u00fchvel (1%)), tr\u00fchvel (0,4%), v\u00fcrtsid, paksendaja: ksantaankummi.<\/p>\n<p><strong>Toitumisalane teave 100g koht:<\/strong><br \/>\nEnerigiasisaldus 255kJ \/ 61kcal<br \/>\nRasvad 2,7g<br \/>\nMillest k\u00fcllastunud rasvhapped 0,1g<br \/>\nCarbohydrates 8,0g<br \/>\nMillest suhkrud 6,2g<br \/>\nProtein 1,2g<br \/>\nSool 2,4g<\/p>","protected":false},"excerpt":{"rendered":"<p>TRUFF STUFF &#8211; peen tr\u00fchvel t\u00e4idlaste t\u0161illidega. Scovilla Finest TRUFF STUFF oma tulise v\u00fcrtsikusega on ideaalne t\u00e4iustus pastaroogadele ja kergele toidule. Vegan laktoosivaba gluteenivaba Enne kasutamist loksutada. P\u00e4rast avamist hoida jahedas kohas. Koostisosad:&nbsp;Vesi, destilleeritud \u00e4\u00e4dikas, t\u0161illi, toor-roosuhkur, sool, k\u00fc\u00fcslauk, tr\u00fchvli\u00f5li 1% (p\u00e4evalille\u00f5li, tr\u00fchvel (1%)), tr\u00fchvel (0,4%), v\u00fcrtsid, paksendaja: ksantaankummi. Toitumisalane teave 100g koht: Enerigiasisaldus 255kJ [&hellip;]<\/p>\n","protected":false},"featured_media":774,"template":"","meta":[],"product_brand":[],"product_cat":[317],"product_tag":[],"class_list":{"0":"post-743","1":"product","2":"type-product","3":"status-publish","4":"has-post-thumbnail","6":"product_cat-kastmed-sinepid-tsatnid","8":"first","9":"outofstock","10":"taxable","11":"shipping-taxable","12":"purchasable","13":"product-type-simple"},"_links":{"self":[{"href":"https:\/\/pipraveski.ee\/en\/wp-json\/wp\/v2\/product\/743","targetHints":{"allow":["GET"]}}],"collection":[{"href":"https:\/\/pipraveski.ee\/en\/wp-json\/wp\/v2\/product"}],"about":[{"href":"https:\/\/pipraveski.ee\/en\/wp-json\/wp\/v2\/types\/product"}],"wp:featuredmedia":[{"embeddable":true,"href":"https:\/\/pipraveski.ee\/en\/wp-json\/wp\/v2\/media\/774"}],"wp:attachment":[{"href":"https:\/\/pipraveski.ee\/en\/wp-json\/wp\/v2\/media?parent=743"}],"wp:term":[{"taxonomy":"product_brand","embeddable":true,"href":"https:\/\/pipraveski.ee\/en\/wp-json\/wp\/v2\/product_brand?post=743"},{"taxonomy":"product_cat","embeddable":true,"href":"https:\/\/pipraveski.ee\/en\/wp-json\/wp\/v2\/product_cat?post=743"},{"taxonomy":"product_tag","embeddable":true,"href":"https:\/\/pipraveski.ee\/en\/wp-json\/wp\/v2\/product_tag?post=743"}],"curies":[{"name":"wp","href":"https:\/\/api.w.org\/{rel}","templated":true}]}}