{"id":741,"date":"2025-10-22T19:03:21","date_gmt":"2025-10-22T16:03:21","guid":{"rendered":"https:\/\/pipraveski.ee\/?post_type=product&#038;p=741"},"modified":"2026-04-17T11:32:49","modified_gmt":"2026-04-17T08:32:49","slug":"magus-hapu-ploomikaste-healthyboy-700ml","status":"publish","type":"product","link":"https:\/\/pipraveski.ee\/en\/product\/magus-hapu-ploomikaste-healthyboy-700ml\/","title":{"rendered":"Sweet and sour plum sauce, HealthyBoy, 700ml"},"content":{"rendered":"<p>\nMagus-hapu maitsega ploomikaste sobib h\u00e4sti dipikastmeks.<\/p>\n<p>Koostisosad: suhkur, vesi, destilleeritud \u00e4\u00e4dikas, ploomid 2%, modifitseeritud tapioki t\u00e4rklis, sool.<br \/>\nStore in the refrigerator after opening.<\/p>\n<p>Nutrition information per 100ml:<br \/>\nEnergiasisaldus 1167kJ\/278kcal<br \/>\nFats 0,7g<br \/>\nof which saturated fatty acids 0,5g<br \/>\nCarbohydrates 68g<br \/>\nmillest suhkrud 65g<br \/>\nValgud g<br \/>\nSalt 1,8g<\/p>","protected":false},"excerpt":{"rendered":"<p>Dipikastmeks igale roale<\/p>","protected":false},"featured_media":772,"template":"","meta":[],"product_brand":[],"product_cat":[317],"product_tag":[],"class_list":{"0":"post-741","1":"product","2":"type-product","3":"status-publish","4":"has-post-thumbnail","6":"product_cat-kastmed-sinepid-tsatnid","8":"first","9":"instock","10":"sale","11":"taxable","12":"shipping-taxable","13":"purchasable","14":"product-type-simple"},"_links":{"self":[{"href":"https:\/\/pipraveski.ee\/en\/wp-json\/wp\/v2\/product\/741","targetHints":{"allow":["GET"]}}],"collection":[{"href":"https:\/\/pipraveski.ee\/en\/wp-json\/wp\/v2\/product"}],"about":[{"href":"https:\/\/pipraveski.ee\/en\/wp-json\/wp\/v2\/types\/product"}],"wp:featuredmedia":[{"embeddable":true,"href":"https:\/\/pipraveski.ee\/en\/wp-json\/wp\/v2\/media\/772"}],"wp:attachment":[{"href":"https:\/\/pipraveski.ee\/en\/wp-json\/wp\/v2\/media?parent=741"}],"wp:term":[{"taxonomy":"product_brand","embeddable":true,"href":"https:\/\/pipraveski.ee\/en\/wp-json\/wp\/v2\/product_brand?post=741"},{"taxonomy":"product_cat","embeddable":true,"href":"https:\/\/pipraveski.ee\/en\/wp-json\/wp\/v2\/product_cat?post=741"},{"taxonomy":"product_tag","embeddable":true,"href":"https:\/\/pipraveski.ee\/en\/wp-json\/wp\/v2\/product_tag?post=741"}],"curies":[{"name":"wp","href":"https:\/\/api.w.org\/{rel}","templated":true}]}}