{"id":738,"date":"2025-10-22T19:03:21","date_gmt":"2025-10-22T16:03:21","guid":{"rendered":"https:\/\/pipraveski.ee\/?post_type=product&#038;p=738"},"modified":"2026-04-17T11:32:15","modified_gmt":"2026-04-17T08:32:15","slug":"thai-tsilli-maapahklid-140g","status":"publish","type":"product","link":"https:\/\/pipraveski.ee\/en\/product\/thai-tsilli-maapahklid-140g\/","title":{"rendered":"Thai chilli peanuts, 140g"},"content":{"rendered":"<p>Need suupisted pakuvad p\u00f5nevat kombinatsiooni maap\u00e4hkli soolakusest ja Tai t\u0161illi v\u00fcrtsikast, aromaatsetest kuumusest. Need sobivad suurep\u00e4raselt v\u00fcrtsikaks suupisteks toidukordade vahel v\u00f5i Aasia roogade isu\u00e4ratava lisandina- annavad intensiivse ja pikantse maitse.<\/p>\n<p>Koostisosad: MAAP\u00c4HKLID&nbsp;64%, NISUjahu, modifitseeritud maisit\u00e4rklis, roosuhkur, SOJAkaste (vesi, SOJAoad, NISU, sool), palmi\u00f5li, sool, pipar, t\u0161illipulber 0,4%, sibul, pune, v\u00e4rv: paprika ekstrakt<\/p>\n<p><span style=\"font-size: 13px\">Nutrition information per 100g:<\/span><br style=\"font-size: 13px\" \/><br \/>\n<span style=\"font-size: 13px\">Energiasisaldus 2016 kJ \/ 482 kcal<\/span><br style=\"font-size: 13px\" \/><br \/>\n<span style=\"font-size: 13px\">Rasvad 23g<\/span><br style=\"font-size: 13px\" \/><br \/>\n<span style=\"font-size: 13px\">millest k\u00fcllastunud rasvhapped 5,3g<\/span><br style=\"font-size: 13px\" \/><br \/>\n<span style=\"font-size: 13px\">S\u00fcsivesikud 43 g<\/span><br style=\"font-size: 13px\" \/><br \/>\n<span style=\"font-size: 13px\">millest suhkrud 14 g<\/span><br style=\"font-size: 13px\" \/><br \/>\n<span style=\"font-size: 13px\">Protein 22 g<\/span><br style=\"font-size: 13px\" \/><br \/>\n<span style=\"font-size: 13px\">Sool 1,5 g<\/span><\/p>","protected":false},"excerpt":{"rendered":"<p>Kr\u00f5bedad, v\u00fcrtsika t\u0161illikattega maap\u00e4hklid<\/p>","protected":false},"featured_media":768,"template":"","meta":[],"product_brand":[],"product_cat":[324],"product_tag":[],"class_list":{"0":"post-738","1":"product","2":"type-product","3":"status-publish","4":"has-post-thumbnail","6":"product_cat-maiustused-snakid","8":"first","9":"instock","10":"sale","11":"taxable","12":"shipping-taxable","13":"purchasable","14":"product-type-simple"},"_links":{"self":[{"href":"https:\/\/pipraveski.ee\/en\/wp-json\/wp\/v2\/product\/738","targetHints":{"allow":["GET"]}}],"collection":[{"href":"https:\/\/pipraveski.ee\/en\/wp-json\/wp\/v2\/product"}],"about":[{"href":"https:\/\/pipraveski.ee\/en\/wp-json\/wp\/v2\/types\/product"}],"wp:featuredmedia":[{"embeddable":true,"href":"https:\/\/pipraveski.ee\/en\/wp-json\/wp\/v2\/media\/768"}],"wp:attachment":[{"href":"https:\/\/pipraveski.ee\/en\/wp-json\/wp\/v2\/media?parent=738"}],"wp:term":[{"taxonomy":"product_brand","embeddable":true,"href":"https:\/\/pipraveski.ee\/en\/wp-json\/wp\/v2\/product_brand?post=738"},{"taxonomy":"product_cat","embeddable":true,"href":"https:\/\/pipraveski.ee\/en\/wp-json\/wp\/v2\/product_cat?post=738"},{"taxonomy":"product_tag","embeddable":true,"href":"https:\/\/pipraveski.ee\/en\/wp-json\/wp\/v2\/product_tag?post=738"}],"curies":[{"name":"wp","href":"https:\/\/api.w.org\/{rel}","templated":true}]}}