{"id":737,"date":"2025-10-22T19:03:21","date_gmt":"2025-10-22T16:03:21","guid":{"rendered":"https:\/\/pipraveski.ee\/?post_type=product&#038;p=737"},"modified":"2026-04-17T11:32:53","modified_gmt":"2026-04-17T08:32:53","slug":"mac-nuga-bf-hb-85-sushinuga-215mm","status":"publish","type":"product","link":"https:\/\/pipraveski.ee\/en\/product\/mac-nuga-bf-hb-85-sushinuga-215mm\/","title":{"rendered":"MAC knife BF-HB-85 (sushin knife) 215mm"},"content":{"rendered":"<p>Teflon kattega nuga sushi l\u00f5ikamiseks.<br \/>\nSee teflonkattega MAC BF-HB-85 215mm nuga on ideelt sama, mis CHEF seeriast HB-85 nuga.<br \/>\nJ\u00e4rk-j\u00e4rguline teravnev kontuur alates k\u00e4epidemest kuni tera tipuni on tehtud Gyuto stiilis (koka noa jaapani versioon).<\/p>\n<p>Teflonkate v\u00f5imaldab h\u00e4sti l\u00f5igata sushit, sest erinevalt tavap\u00e4rasest ei j\u00e4\u00e4 siinkohal riis noa k\u00fclge kinni.<br \/>\nT\u00e4nu teravusele saab ka ideaalselt l\u00f5igata norilehti (mereadru) ning teflonkatte omaduste t\u00f5ttu ei ole vaja nuga peale iga viilutust puhastada.<\/p>\n<p>Mac nugade teravus Rockwelli skaalal j\u00e4\u00e4b vahemikku 57-61.<br \/>\nIt is not recommended to wash in a dishwasher!<\/p>\n<p>Kogu pikkus: 324 mm<br \/>\nKaal: 144 g<br \/>\nTera pikkus: 210 mm<br \/>\nTera k\u00f5rgus: 70 mm<br \/>\nTera paksus: 2 mm<\/p>","protected":false},"excerpt":{"rendered":"<p>Teflon kattega nuga sushi l\u00f5ikamiseks<\/p>","protected":false},"featured_media":767,"template":"","meta":[],"product_brand":[246],"product_cat":[336],"product_tag":[],"class_list":{"0":"post-737","1":"product","2":"type-product","3":"status-publish","4":"has-post-thumbnail","6":"product_brand-mac","7":"product_cat-noad","9":"first","10":"outofstock","11":"taxable","12":"shipping-taxable","13":"purchasable","14":"product-type-simple"},"_links":{"self":[{"href":"https:\/\/pipraveski.ee\/en\/wp-json\/wp\/v2\/product\/737","targetHints":{"allow":["GET"]}}],"collection":[{"href":"https:\/\/pipraveski.ee\/en\/wp-json\/wp\/v2\/product"}],"about":[{"href":"https:\/\/pipraveski.ee\/en\/wp-json\/wp\/v2\/types\/product"}],"wp:featuredmedia":[{"embeddable":true,"href":"https:\/\/pipraveski.ee\/en\/wp-json\/wp\/v2\/media\/767"}],"wp:attachment":[{"href":"https:\/\/pipraveski.ee\/en\/wp-json\/wp\/v2\/media?parent=737"}],"wp:term":[{"taxonomy":"product_brand","embeddable":true,"href":"https:\/\/pipraveski.ee\/en\/wp-json\/wp\/v2\/product_brand?post=737"},{"taxonomy":"product_cat","embeddable":true,"href":"https:\/\/pipraveski.ee\/en\/wp-json\/wp\/v2\/product_cat?post=737"},{"taxonomy":"product_tag","embeddable":true,"href":"https:\/\/pipraveski.ee\/en\/wp-json\/wp\/v2\/product_tag?post=737"}],"curies":[{"name":"wp","href":"https:\/\/api.w.org\/{rel}","templated":true}]}}