{"id":736,"date":"2025-10-22T19:03:21","date_gmt":"2025-10-22T16:03:21","guid":{"rendered":"https:\/\/pipraveski.ee\/?post_type=product&#038;p=736"},"modified":"2026-04-17T11:31:37","modified_gmt":"2026-04-17T08:31:37","slug":"riisinuudlid-m-thaidancer-400g","status":"publish","type":"product","link":"https:\/\/pipraveski.ee\/en\/product\/riisinuudlid-m-thaidancer-400g\/","title":{"rendered":"Rice noodles, M, ThaiDancer, 400g"},"content":{"rendered":"<p>Aasiap\u00e4rased riisinuudlid, 3mm laiused.<br \/>\nKasuta suppides (nt: Pho), wokiroogades (nt: Pad Thai) vms.<\/p>\n<p>Preparation:<br \/>\nLeota riisinuudleid kuumas vees kuni 10-15 minutit ning seej\u00e4rel kurna.<br \/>\nPikalt vedelikus seistes muutuvad liiga pehmeks ja kleepuvaks seega lisada suppidesse keetmise l\u00f5ppj\u00e4rgus v\u00f5i eelnevalt leotatuna.<\/p>\n<p>Koostisosad: riisijahu (90%), vesi.<\/p>\n<p>Nutrition information per 100g:<br \/>\nEnergy content 1481kJ\/354cal<br \/>\nFats 1,1g<br \/>\nof which saturated fatty acids 0,4g<br \/>\nCarbohydrates 78g<br \/>\nmillest suhkrud&nbsp; 0g<br \/>\nValgud 6,7g<br \/>\nSalt 0,03g<\/p>\n<p>Country of origin Thailand<\/p>","protected":false},"excerpt":{"rendered":"<p>Riisinuudlid suppidele, wokiroogadele jms (3mm)<\/p>","protected":false},"featured_media":766,"template":"","meta":[],"product_brand":[264],"product_cat":[320],"product_tag":[],"class_list":{"0":"post-736","1":"product","2":"type-product","3":"status-publish","4":"has-post-thumbnail","6":"product_brand-thai-dancer","7":"product_cat-riis-nuudlid","9":"first","10":"instock","11":"taxable","12":"shipping-taxable","13":"purchasable","14":"product-type-simple"},"_links":{"self":[{"href":"https:\/\/pipraveski.ee\/en\/wp-json\/wp\/v2\/product\/736","targetHints":{"allow":["GET"]}}],"collection":[{"href":"https:\/\/pipraveski.ee\/en\/wp-json\/wp\/v2\/product"}],"about":[{"href":"https:\/\/pipraveski.ee\/en\/wp-json\/wp\/v2\/types\/product"}],"wp:featuredmedia":[{"embeddable":true,"href":"https:\/\/pipraveski.ee\/en\/wp-json\/wp\/v2\/media\/766"}],"wp:attachment":[{"href":"https:\/\/pipraveski.ee\/en\/wp-json\/wp\/v2\/media?parent=736"}],"wp:term":[{"taxonomy":"product_brand","embeddable":true,"href":"https:\/\/pipraveski.ee\/en\/wp-json\/wp\/v2\/product_brand?post=736"},{"taxonomy":"product_cat","embeddable":true,"href":"https:\/\/pipraveski.ee\/en\/wp-json\/wp\/v2\/product_cat?post=736"},{"taxonomy":"product_tag","embeddable":true,"href":"https:\/\/pipraveski.ee\/en\/wp-json\/wp\/v2\/product_tag?post=736"}],"curies":[{"name":"wp","href":"https:\/\/api.w.org\/{rel}","templated":true}]}}