{"id":732,"date":"2025-10-22T19:03:21","date_gmt":"2025-10-22T16:03:21","guid":{"rendered":"https:\/\/pipraveski.ee\/?post_type=product&#038;p=732"},"modified":"2026-04-17T11:32:26","modified_gmt":"2026-04-17T08:32:26","slug":"oad-black-eye-heera-500g","status":"publish","type":"product","link":"https:\/\/pipraveski.ee\/en\/product\/oad-black-eye-heera-500g\/","title":{"rendered":"Oad, \u201cBlack Eye\u201d, Heera, 500g"},"content":{"rendered":"<p>Heera Black Eye Beans on hea valguallikas. Maitsvad ja v\u00e4ga toitvad mustsilmsed oad on suurep\u00e4rane lisa igale dieedile.<\/p>\n<p><strong>Ingredients:<\/strong>&nbsp;&#8220;Black Eye&#8221; oad.<\/p>\n<p><strong>Preparation:<\/strong> sorteeri v\u00e4lja tumenenud oad.<br \/>\nPese ubasid 3-4 korda. Pane oad potti ja leota 3-4 tundi.<br \/>\nVala leotusvesi \u00e4ra ja kata oad puhta veega. Keeda ube 15min ning seej\u00e4rel hauta u. 1 \u00bd tundi kuni oad on pehmed.<br \/>\nJ\u00e4lgi, et potis on piisavalt vett.<br \/>\nOad on valmis s\u00f6\u00f6miseks v\u00f5i teistele roogadele lisamiseks.<\/p>\n<p><strong>Nutrition information per 100g:<\/strong><br \/>\nEnergiasisaldus 494kJ \/ 118kcal<br \/>\nRasvad 0.5g<br \/>\nmillest k\u00fcllastunud rasvhapped 0.1g<br \/>\nCarbohydrates 21g<br \/>\nmillest suhkrud 3.4g<br \/>\nKiudained 6.6g<br \/>\nValgud 7.8g<br \/>\nSool 0.01g<\/p>\n<p><strong style=\"font-size: 13px\">Country of origin:<\/strong><span style=\"font-size: 13px\">&nbsp;India<\/span><\/p>\n<p><strong>Storage: <\/strong>Jahedas ja kuivas kohas. P\u00e4rast avamist on soovitav toode panna \u00f5hukindlasse anumasse.<\/p>\n<p>&nbsp;<\/p>","protected":false},"excerpt":{"rendered":"<p>Nimetatakse musta silma oaks<\/p>","protected":false},"featured_media":762,"template":"","meta":[],"product_brand":[240],"product_cat":[319],"product_tag":[],"class_list":{"0":"post-732","1":"product","2":"type-product","3":"status-publish","4":"has-post-thumbnail","6":"product_brand-heera","7":"product_cat-laatsed-oad-terad","9":"first","10":"instock","11":"sale","12":"taxable","13":"shipping-taxable","14":"purchasable","15":"product-type-simple"},"_links":{"self":[{"href":"https:\/\/pipraveski.ee\/en\/wp-json\/wp\/v2\/product\/732","targetHints":{"allow":["GET"]}}],"collection":[{"href":"https:\/\/pipraveski.ee\/en\/wp-json\/wp\/v2\/product"}],"about":[{"href":"https:\/\/pipraveski.ee\/en\/wp-json\/wp\/v2\/types\/product"}],"wp:featuredmedia":[{"embeddable":true,"href":"https:\/\/pipraveski.ee\/en\/wp-json\/wp\/v2\/media\/762"}],"wp:attachment":[{"href":"https:\/\/pipraveski.ee\/en\/wp-json\/wp\/v2\/media?parent=732"}],"wp:term":[{"taxonomy":"product_brand","embeddable":true,"href":"https:\/\/pipraveski.ee\/en\/wp-json\/wp\/v2\/product_brand?post=732"},{"taxonomy":"product_cat","embeddable":true,"href":"https:\/\/pipraveski.ee\/en\/wp-json\/wp\/v2\/product_cat?post=732"},{"taxonomy":"product_tag","embeddable":true,"href":"https:\/\/pipraveski.ee\/en\/wp-json\/wp\/v2\/product_tag?post=732"}],"curies":[{"name":"wp","href":"https:\/\/api.w.org\/{rel}","templated":true}]}}