{"id":730,"date":"2025-10-22T19:03:21","date_gmt":"2025-10-22T16:03:21","guid":{"rendered":"https:\/\/pipraveski.ee\/?post_type=product&#038;p=730"},"modified":"2026-04-17T11:32:16","modified_gmt":"2026-04-17T08:32:16","slug":"parlkuskuss-3-varviline-900g","status":"publish","type":"product","link":"https:\/\/pipraveski.ee\/en\/product\/parlkuskuss-3-varviline-900g\/","title":{"rendered":"Persimmon kiss 3-coloured, 900g"},"content":{"rendered":"<p>Koostisosad: NISUjahu, spinatipulber 0.2%, v\u00e4rvaine E160c 0.1%<\/p>\n<p>Valmistamine: keeda 500g toodet 1 liitris vees, keeda 8-10 minutit. N\u00f5ruta ja loputa leige veega, sega sisse natuke oliivi\u00f5li ja lusikat\u00e4is v\u00f5id.<\/p>\n<p>Nutritional value per 100g:<br \/>\nEnergiasisaldus 1474KJ\/352kcal<br \/>\nRasv 1,3g<br \/>\nof which saturated fatty acids 0,3g<br \/>\nS\u00fcsivesikud 71g<br \/>\nmillest suhkrud 0,9g<br \/>\nValk 12g<br \/>\nSalt 0g<\/p>","protected":false},"excerpt":{"rendered":"<p>3-v\u00e4rviline kuskuss<\/p>","protected":false},"featured_media":760,"template":"","meta":[],"product_brand":[],"product_cat":[319],"product_tag":[],"class_list":{"0":"post-730","1":"product","2":"type-product","3":"status-publish","4":"has-post-thumbnail","6":"product_cat-laatsed-oad-terad","8":"first","9":"instock","10":"taxable","11":"shipping-taxable","12":"purchasable","13":"product-type-simple"},"_links":{"self":[{"href":"https:\/\/pipraveski.ee\/en\/wp-json\/wp\/v2\/product\/730","targetHints":{"allow":["GET"]}}],"collection":[{"href":"https:\/\/pipraveski.ee\/en\/wp-json\/wp\/v2\/product"}],"about":[{"href":"https:\/\/pipraveski.ee\/en\/wp-json\/wp\/v2\/types\/product"}],"wp:featuredmedia":[{"embeddable":true,"href":"https:\/\/pipraveski.ee\/en\/wp-json\/wp\/v2\/media\/760"}],"wp:attachment":[{"href":"https:\/\/pipraveski.ee\/en\/wp-json\/wp\/v2\/media?parent=730"}],"wp:term":[{"taxonomy":"product_brand","embeddable":true,"href":"https:\/\/pipraveski.ee\/en\/wp-json\/wp\/v2\/product_brand?post=730"},{"taxonomy":"product_cat","embeddable":true,"href":"https:\/\/pipraveski.ee\/en\/wp-json\/wp\/v2\/product_cat?post=730"},{"taxonomy":"product_tag","embeddable":true,"href":"https:\/\/pipraveski.ee\/en\/wp-json\/wp\/v2\/product_tag?post=730"}],"curies":[{"name":"wp","href":"https:\/\/api.w.org\/{rel}","templated":true}]}}