{"id":729,"date":"2025-10-22T19:03:21","date_gmt":"2025-10-22T16:03:21","guid":{"rendered":"https:\/\/pipraveski.ee\/?post_type=product&#038;p=729"},"modified":"2026-04-17T11:32:25","modified_gmt":"2026-04-17T08:32:25","slug":"musta-oa-pasta-580g","status":"publish","type":"product","link":"https:\/\/pipraveski.ee\/en\/product\/musta-oa-pasta-580g\/","title":{"rendered":"Black bean pasta, 580g"},"content":{"rendered":"<p>K\u00f5ik teavad, et musti ube iseloomustab v\u00e4ga pikk k\u00fcpsetusaeg. Selle p\u00fcreega saate end sellest h\u00e4dast s\u00e4\u00e4sta, sest see sisaldab eelkeedetud, p\u00fcreestatud &#8220;Negros ube&#8221;. P\u00fcreed on maitsestatud jalapeno t\u0161illi, sibula ja muude maitseainetega.&nbsp;<\/p>\n<p>Koostisosad: Vesi, mustad oad (21%), SOJA\u00f5li, sibul, sool, seapekk, jalapeno t\u0161illi, v\u00fcrtsid<br \/>\nPeale avamist hoida jahedas.<\/p>\n<p><span style=\"font-size: 13px\">Nutrition information per 100g:<\/span><br style=\"font-size: 13px\" \/><br \/>\n<span style=\"font-size: 13px\">Energiasisaldus 419 kJ \/ 100 kcal<\/span><br style=\"font-size: 13px\" \/><br \/>\n<span style=\"font-size: 13px\">Fats 5,5g<\/span><br style=\"font-size: 13px\" \/><br \/>\n<span style=\"font-size: 13px\">millest k\u00fcllastunud rasvhapped 1,0g<br \/>\nS\u00fcsivesikud 9,1 g<\/span><br style=\"font-size: 13px\" \/><br \/>\n<span style=\"font-size: 13px\">of which sugars 0,0 g<\/span><br style=\"font-size: 13px\" \/><br \/>\n<span style=\"font-size: 13px\">Valgud 3,7 g<\/span><br style=\"font-size: 13px\" \/><br \/>\n<span style=\"font-size: 13px\">Salt 1,1 g<\/p>\n<p>Country of origin: Mexico<\/span><\/p>","protected":false},"excerpt":{"rendered":"<p>Ideaalne erinevate Mehhiko roogade, n\u00e4iteks taco, burrito v\u00f5i enchiladade jaoks.<\/p>","protected":false},"featured_media":759,"template":"","meta":[],"product_brand":[],"product_cat":[323],"product_tag":[],"class_list":{"0":"post-729","1":"product","2":"type-product","3":"status-publish","4":"has-post-thumbnail","6":"product_cat-konservid","8":"first","9":"instock","10":"taxable","11":"shipping-taxable","12":"purchasable","13":"product-type-simple"},"_links":{"self":[{"href":"https:\/\/pipraveski.ee\/en\/wp-json\/wp\/v2\/product\/729","targetHints":{"allow":["GET"]}}],"collection":[{"href":"https:\/\/pipraveski.ee\/en\/wp-json\/wp\/v2\/product"}],"about":[{"href":"https:\/\/pipraveski.ee\/en\/wp-json\/wp\/v2\/types\/product"}],"wp:featuredmedia":[{"embeddable":true,"href":"https:\/\/pipraveski.ee\/en\/wp-json\/wp\/v2\/media\/759"}],"wp:attachment":[{"href":"https:\/\/pipraveski.ee\/en\/wp-json\/wp\/v2\/media?parent=729"}],"wp:term":[{"taxonomy":"product_brand","embeddable":true,"href":"https:\/\/pipraveski.ee\/en\/wp-json\/wp\/v2\/product_brand?post=729"},{"taxonomy":"product_cat","embeddable":true,"href":"https:\/\/pipraveski.ee\/en\/wp-json\/wp\/v2\/product_cat?post=729"},{"taxonomy":"product_tag","embeddable":true,"href":"https:\/\/pipraveski.ee\/en\/wp-json\/wp\/v2\/product_tag?post=729"}],"curies":[{"name":"wp","href":"https:\/\/api.w.org\/{rel}","templated":true}]}}