{"id":726,"date":"2025-10-22T19:03:21","date_gmt":"2025-10-22T16:03:21","guid":{"rendered":"https:\/\/pipraveski.ee\/?post_type=product&#038;p=726"},"modified":"2026-04-17T11:31:39","modified_gmt":"2026-04-17T08:31:39","slug":"aniisiseemned-1kg","status":"publish","type":"product","link":"https:\/\/pipraveski.ee\/en\/product\/aniisiseemned-1kg\/","title":{"rendered":"Anise seeds, HELA, 1kg"},"content":{"rendered":"<p>Seemnetel on magus, aromaatne maitse. Tavaliselt kasutatakse neid erinevates soolastes ja magusates roogades.<br \/>\nK\u00fcpsetamise l\u00f5ppj\u00e4rgus saab retseptidesse lisada ka terveid seemneid ja sageli v\u00e4rskelt jahvatatud pulbrit, et piirata oluliste \u00f5lide aurustumist.<\/p>\n<p>Aniisiseemned on tuntud ka maitse- kui ravimtaim. Aniisiseemned sisaldavad 2-4% eeterlikku \u00f5li (t\u00e4nu millele on aniisil \u00fcsna tugev aroom) ja kuni 20% rasva.<\/p>\n<p>Kasutatakse essentside, lik\u00f6\u00f6ride valmistamisel, meditsiinis, pagari- ja kondiitrit\u00f6\u00f6stuses. Kulinaarne kasutusala on lai &#8211; tavaliselt lisatakse aniisiseemneid jahvatatult tainasse, magushapudele kastmetele, magustoitudele, keedistele, salatitele, k\u00f6\u00f6givilja- v\u00f5i kalasuppidele, p\u00fcreedele, ka koduse \u00f5lle, kalja ja m\u00f5du valmistamisel.<\/p>\n<p>Koostis: Aniisi seemned.<\/p>","protected":false},"excerpt":{"rendered":"<p>Keedised, magustoidud, kastmed, supid, kalja ja m\u00f5du maitsestamiseks, tee valmistamiseks<\/p>","protected":false},"featured_media":756,"template":"","meta":[],"product_brand":[244],"product_cat":[338],"product_tag":[],"class_list":{"0":"post-726","1":"product","2":"type-product","3":"status-publish","4":"has-post-thumbnail","6":"product_brand-hela","7":"product_cat-puhtad-maitsed","9":"first","10":"instock","11":"taxable","12":"shipping-taxable","13":"purchasable","14":"product-type-simple"},"_links":{"self":[{"href":"https:\/\/pipraveski.ee\/en\/wp-json\/wp\/v2\/product\/726","targetHints":{"allow":["GET"]}}],"collection":[{"href":"https:\/\/pipraveski.ee\/en\/wp-json\/wp\/v2\/product"}],"about":[{"href":"https:\/\/pipraveski.ee\/en\/wp-json\/wp\/v2\/types\/product"}],"wp:featuredmedia":[{"embeddable":true,"href":"https:\/\/pipraveski.ee\/en\/wp-json\/wp\/v2\/media\/756"}],"wp:attachment":[{"href":"https:\/\/pipraveski.ee\/en\/wp-json\/wp\/v2\/media?parent=726"}],"wp:term":[{"taxonomy":"product_brand","embeddable":true,"href":"https:\/\/pipraveski.ee\/en\/wp-json\/wp\/v2\/product_brand?post=726"},{"taxonomy":"product_cat","embeddable":true,"href":"https:\/\/pipraveski.ee\/en\/wp-json\/wp\/v2\/product_cat?post=726"},{"taxonomy":"product_tag","embeddable":true,"href":"https:\/\/pipraveski.ee\/en\/wp-json\/wp\/v2\/product_tag?post=726"}],"curies":[{"name":"wp","href":"https:\/\/api.w.org\/{rel}","templated":true}]}}